{"id":11,"date":"2024-10-28T14:51:34","date_gmt":"2024-10-28T14:51:34","guid":{"rendered":"https:\/\/docspider.beondigital.com.br\/?page_id=11"},"modified":"2026-02-19T18:02:00","modified_gmt":"2026-02-19T21:02:00","slug":"quem-somos","status":"publish","type":"page","link":"https:\/\/docspider.com.br\/en\/quem-somos\/","title":{"rendered":"About Us"},"content":{"rendered":"<div data-elementor-type=\"wp-page\" data-elementor-id=\"11\" class=\"elementor elementor-11\" data-elementor-post-type=\"page\">\n\t\t\t\t<div class=\"elementor-element elementor-element-b37a0ee e-flex e-con-boxed e-con e-child\" data-id=\"b37a0ee\" data-element_type=\"container\" data-e-type=\"container\" data-settings=\"{&quot;background_background&quot;:&quot;classic&quot;}\">\n\t\t\t\t\t<div class=\"e-con-inner\">\n\t\t\t\t<div class=\"elementor-element elementor-element-e4c3454 elementor-widget__width-inherit elementor-widget elementor-widget-heading\" data-id=\"e4c3454\" data-element_type=\"widget\" data-e-type=\"widget\" id=\"titulo-dinamico\" data-widget_type=\"heading.default\">\n\t\t\t\t\t<h1 class=\"elementor-heading-title elementor-size-default\">About Us<\/h1>\t\t\t\t<\/div>\n\t\t\t\t\t<\/div>\n\t\t\t\t<\/div>\n\t\t<div class=\"elementor-element elementor-element-65d7b26 e-flex e-con-boxed e-con e-parent\" data-id=\"65d7b26\" data-element_type=\"container\" data-e-type=\"container\" data-settings=\"{&quot;background_background&quot;:&quot;classic&quot;}\">\n\t\t\t\t\t<div class=\"e-con-inner\">\n\t\t\t\t<div class=\"elementor-element elementor-element-82f4f0c elementor-widget__width-auto elementor-widget elementor-widget-heading\" data-id=\"82f4f0c\" data-element_type=\"widget\" data-e-type=\"widget\" data-widget_type=\"heading.default\">\n\t\t\t\t\t<h2 class=\"elementor-heading-title elementor-size-default\">CORPORATE PROFILE<\/h2>\t\t\t\t<\/div>\n\t\t\t\t<div class=\"elementor-element elementor-element-a812721 elementor-widget-divider--view-line elementor-widget elementor-widget-divider\" data-id=\"a812721\" data-element_type=\"widget\" data-e-type=\"widget\" data-widget_type=\"divider.default\">\n\t\t\t\t\t\t\t<div class=\"elementor-divider\">\n\t\t\t<span class=\"elementor-divider-separator\">\n\t\t\t\t\t\t<\/span>\n\t\t<\/div>\n\t\t\t\t\t\t<\/div>\n\t\t\t\t<div class=\"elementor-element elementor-element-c30a861 elementor-widget elementor-widget-text-editor\" data-id=\"c30a861\" data-element_type=\"widget\" data-e-type=\"widget\" data-widget_type=\"text-editor.default\">\n\t\t\t\t\t\t\t\t\t<p>Since 1991, Docspider Software S.A. has stood out in the market with innovative solutions for the digital transformation of governance, compliance, processes, and documents. Our commitment goes beyond organizing information: we offer tools that optimize performance, continuously reduce costs, and ensure full regulatory compliance. Recognized in strategic sectors such as banking, insurance, and manufacturing, Docspider transforms corporate management into a competitive advantage.<\/p>\t\t\t\t\t\t\t\t<\/div>\n\t\t\t\t\t<\/div>\n\t\t\t\t<\/div>\n\t\t<div class=\"elementor-element elementor-element-a518615 e-flex e-con-boxed e-con e-parent\" data-id=\"a518615\" data-element_type=\"container\" data-e-type=\"container\" data-settings=\"{&quot;background_background&quot;:&quot;classic&quot;}\">\n\t\t\t\t\t<div class=\"e-con-inner\">\n\t\t\t\t<div class=\"elementor-element elementor-element-611b918 elementor-widget__width-auto elementor-widget-mobile__width-initial elementor-widget elementor-widget-heading\" data-id=\"611b918\" data-element_type=\"widget\" data-e-type=\"widget\" data-widget_type=\"heading.default\">\n\t\t\t\t\t<h2 class=\"elementor-heading-title elementor-size-default\">VISION, MISSION, AND VALUES<\/h2>\t\t\t\t<\/div>\n\t\t\t\t<div class=\"elementor-element elementor-element-c692df9 elementor-widget-divider--view-line elementor-widget elementor-widget-divider\" data-id=\"c692df9\" data-element_type=\"widget\" data-e-type=\"widget\" data-widget_type=\"divider.default\">\n\t\t\t\t\t\t\t<div class=\"elementor-divider\">\n\t\t\t<span class=\"elementor-divider-separator\">\n\t\t\t\t\t\t<\/span>\n\t\t<\/div>\n\t\t\t\t\t\t<\/div>\n\t\t\t\t<div class=\"elementor-element elementor-element-94d845f elementor-widget elementor-widget-text-editor\" data-id=\"94d845f\" data-element_type=\"widget\" data-e-type=\"widget\" data-widget_type=\"text-editor.default\">\n\t\t\t\t\t\t\t\t\t<p data-c4561cd4-2e1f-488d-9472-2ac6de0d9459-43=\"true\">Docspider is a company focused on customer-oriented services, with the following objectives:<\/p>\t\t\t\t\t\t\t\t<\/div>\n\t\t<div class=\"elementor-element elementor-element-9d07ea2 e-grid e-con-full e-con e-child\" data-id=\"9d07ea2\" data-element_type=\"container\" data-e-type=\"container\">\n\t\t\t\t<div class=\"elementor-element elementor-element-58cc327 elementor-widget elementor-widget-icon-box\" data-id=\"58cc327\" data-element_type=\"widget\" data-e-type=\"widget\" data-widget_type=\"icon-box.default\">\n\t\t\t\t\t\t\t<div class=\"elementor-icon-box-wrapper\">\n\n\t\t\t\n\t\t\t\t\t\t<div class=\"elementor-icon-box-content\">\n\n\t\t\t\t\t\t\t\t\t<h3 class=\"elementor-icon-box-title\">\n\t\t\t\t\t\t<span  >\n\t\t\t\t\t\t\tMISSION \t\t\t\t\t\t<\/span>\n\t\t\t\t\t<\/h3>\n\t\t\t\t\n\t\t\t\t\t\t\t\t\t<p class=\"elementor-icon-box-description\">\n\t\t\t\t\t\tTo provide the best technologies for knowledge, process, and document management to support Corporate Governance and Compliance, acting as an agent of transformation, increasing performance, results, and business compliance.\t\t\t\t\t<\/p>\n\t\t\t\t\n\t\t\t<\/div>\n\t\t\t\n\t\t<\/div>\n\t\t\t\t\t\t<\/div>\n\t\t\t\t<div class=\"elementor-element elementor-element-28922ad elementor-widget elementor-widget-icon-box\" data-id=\"28922ad\" data-element_type=\"widget\" data-e-type=\"widget\" data-widget_type=\"icon-box.default\">\n\t\t\t\t\t\t\t<div class=\"elementor-icon-box-wrapper\">\n\n\t\t\t\n\t\t\t\t\t\t<div class=\"elementor-icon-box-content\">\n\n\t\t\t\t\t\t\t\t\t<h3 class=\"elementor-icon-box-title\">\n\t\t\t\t\t\t<span  >\n\t\t\t\t\t\t\tVISION \t\t\t\t\t\t<\/span>\n\t\t\t\t\t<\/h3>\n\t\t\t\t\n\t\t\t\t\t\t\t\t\t<p class=\"elementor-icon-box-description\">\n\t\t\t\t\t\tTo achieve and exercise market leadership by providing creative solutions through best practices and resources to exceed business objectives.\t\t\t\t\t<\/p>\n\t\t\t\t\n\t\t\t<\/div>\n\t\t\t\n\t\t<\/div>\n\t\t\t\t\t\t<\/div>\n\t\t\t\t<div class=\"elementor-element elementor-element-06f7dc7 elementor-widget elementor-widget-icon-box\" data-id=\"06f7dc7\" data-element_type=\"widget\" data-e-type=\"widget\" data-widget_type=\"icon-box.default\">\n\t\t\t\t\t\t\t<div class=\"elementor-icon-box-wrapper\">\n\n\t\t\t\n\t\t\t\t\t\t<div class=\"elementor-icon-box-content\">\n\n\t\t\t\t\t\t\t\t\t<h3 class=\"elementor-icon-box-title\">\n\t\t\t\t\t\t<span  >\n\t\t\t\t\t\t\tVALUES \t\t\t\t\t\t<\/span>\n\t\t\t\t\t<\/h3>\n\t\t\t\t\n\t\t\t\t\t\t\t\t\t<p class=\"elementor-icon-box-description\">\n\t\t\t\t\t\tAttitude, commitment, integrity, sustainability, efficiency, innovation, quality, team spirit, and passion in everything they do. Attitude is not just about taking initiative; it is a behavior that involves initiative, added value, responsibility, and results. Passion is a defining characteristic of all company employees and is essential to achieving our goals.\t\t\t\t\t<\/p>\n\t\t\t\t\n\t\t\t<\/div>\n\t\t\t\n\t\t<\/div>\n\t\t\t\t\t\t<\/div>\n\t\t\t\t<\/div>\n\t\t\t\t\t<\/div>\n\t\t\t\t<\/div>\n\t\t<div class=\"elementor-element elementor-element-7531e46 e-con-full e-flex e-con e-parent\" data-id=\"7531e46\" data-element_type=\"container\" data-e-type=\"container\">\n\t\t<div class=\"elementor-element elementor-element-60f6497 e-flex e-con-boxed e-con e-child\" data-id=\"60f6497\" data-element_type=\"container\" data-e-type=\"container\" data-settings=\"{&quot;background_background&quot;:&quot;classic&quot;}\">\n\t\t\t\t\t<div class=\"e-con-inner\">\n\t\t\t\t\t<\/div>\n\t\t\t\t<\/div>\n\t\t<div class=\"elementor-element elementor-element-6892816 e-flex e-con-boxed e-con e-child\" data-id=\"6892816\" data-element_type=\"container\" data-e-type=\"container\" data-settings=\"{&quot;background_background&quot;:&quot;classic&quot;}\">\n\t\t\t\t\t<div class=\"e-con-inner\">\n\t\t<div class=\"elementor-element elementor-element-b94db1f e-con-full e-flex e-con e-child\" data-id=\"b94db1f\" data-element_type=\"container\" data-e-type=\"container\">\n\t\t\t\t<div class=\"elementor-element elementor-element-4114fef elementor-widget elementor-widget-text-editor\" data-id=\"4114fef\" data-element_type=\"widget\" data-e-type=\"widget\" data-widget_type=\"text-editor.default\">\n\t\t\t\t\t\t\t\t\t<p>The power of Artificial Intelligence is at the heart of our innovation, taking the document management experience to another level. Our integrated AI is designed to answer questions based on your company's documents, providing fast, intelligent, and secure access to the information you need. This personalized and efficient approach facilitates decision-making and maximizes productivity, ensuring that your operations are always one step ahead.<\/p>\t\t\t\t\t\t\t\t<\/div>\n\t\t\t\t<\/div>\n\t\t\t\t\t<\/div>\n\t\t\t\t<\/div>\n\t\t\t\t<\/div>\n\t\t<div class=\"elementor-element elementor-element-d777da6 e-con-full e-flex e-con e-parent\" data-id=\"d777da6\" data-element_type=\"container\" data-e-type=\"container\">\n\t\t<div class=\"elementor-element elementor-element-50671bc e-flex e-con-boxed e-con e-child\" data-id=\"50671bc\" data-element_type=\"container\" data-e-type=\"container\" data-settings=\"{&quot;background_background&quot;:&quot;classic&quot;}\">\n\t\t\t\t\t<div class=\"e-con-inner\">\n\t\t\t\t\t<\/div>\n\t\t\t\t<\/div>\n\t\t<div class=\"elementor-element elementor-element-47c89f3 e-flex e-con-boxed e-con e-child\" data-id=\"47c89f3\" data-element_type=\"container\" data-e-type=\"container\" data-settings=\"{&quot;background_background&quot;:&quot;classic&quot;}\">\n\t\t\t\t\t<div class=\"e-con-inner\">\n\t\t<div class=\"elementor-element elementor-element-8608cdd e-con-full e-flex e-con e-child\" data-id=\"8608cdd\" data-element_type=\"container\" data-e-type=\"container\">\n\t\t\t\t<div class=\"elementor-element elementor-element-c1325c1 elementor-widget elementor-widget-text-editor\" data-id=\"c1325c1\" data-element_type=\"widget\" data-e-type=\"widget\" data-widget_type=\"text-editor.default\">\n\t\t\t\t\t\t\t\t\t<p>More than 600,000 users already trust our technology to transform their operations and reach new levels of competitiveness. Explore our success stories and discover how our governance, automation, and intelligent management solutions can revolutionize your company's day-to-day operations. Invest in innovation, sustainability, and exceptional results with Docspider\u2014the future of governance is here.<\/p>\t\t\t\t\t\t\t\t<\/div>\n\t\t\t\t<\/div>\n\t\t\t\t\t<\/div>\n\t\t\t\t<\/div>\n\t\t\t\t<\/div>\n\t\t<div class=\"elementor-element elementor-element-4ce63bd e-flex e-con-boxed e-con e-parent\" data-id=\"4ce63bd\" data-element_type=\"container\" data-e-type=\"container\">\n\t\t\t\t\t<div class=\"e-con-inner\">\n\t\t\t\t<div class=\"elementor-element elementor-element-23aed81 elementor-widget__width-auto elementor-widget elementor-widget-heading\" data-id=\"23aed81\" data-element_type=\"widget\" data-e-type=\"widget\" data-widget_type=\"heading.default\">\n\t\t\t\t\t<h2 class=\"elementor-heading-title elementor-size-default\">CERTIFICATES<\/h2>\t\t\t\t<\/div>\n\t\t\t\t<div class=\"elementor-element elementor-element-d567dd9 elementor-widget-divider--view-line elementor-widget elementor-widget-divider\" data-id=\"d567dd9\" data-element_type=\"widget\" data-e-type=\"widget\" data-widget_type=\"divider.default\">\n\t\t\t\t\t\t\t<div class=\"elementor-divider\">\n\t\t\t<span class=\"elementor-divider-separator\">\n\t\t\t\t\t\t<\/span>\n\t\t<\/div>\n\t\t\t\t\t\t<\/div>\n\t\t<div class=\"elementor-element elementor-element-8770c20 e-con-full e-flex e-con e-child\" data-id=\"8770c20\" data-element_type=\"container\" data-e-type=\"container\">\n\t\t<div class=\"elementor-element elementor-element-c49f3fd e-con-full e-flex e-con e-child\" data-id=\"c49f3fd\" data-element_type=\"container\" data-e-type=\"container\">\n\t\t\t\t<div class=\"elementor-element elementor-element-d450aad elementor-widget elementor-widget-image\" data-id=\"d450aad\" data-element_type=\"widget\" data-e-type=\"widget\" data-widget_type=\"image.default\">\n\t\t\t\t\t\t\t\t\t\t\t\t\t\t\t\t<a href=\"https:\/\/docspider.com.br\/en\/Certificado-ISO-27001\/\" target=\"_blank\">\n\t\t\t\t\t\t\t<img fetchpriority=\"high\" decoding=\"async\" width=\"344\" height=\"318\" src=\"\/wp-content\/uploads\/iso-iec-27001_vanzolini.webp\" class=\"attachment-medium_large size-medium_large wp-image-15600\" alt=\"iso iec 27001 vanzolini\" srcset=\"\/wp-content\/uploads\/iso-iec-27001_vanzolini.webp 344w, \/wp-content\/uploads\/iso-iec-27001_vanzolini-300x277.webp 300w, \/wp-content\/uploads\/iso-iec-27001_vanzolini-13x12.webp 13w\" sizes=\"(max-width: 344px) 100vw, 344px\" \/>\t\t\t\t\t\t\t\t<\/a>\n\t\t\t\t\t\t\t\t\t\t\t\t\t\t\t<\/div>\n\t\t\t\t<div class=\"elementor-element elementor-element-85b0c2d elementor-widget elementor-widget-image\" data-id=\"85b0c2d\" data-element_type=\"widget\" data-e-type=\"widget\" data-widget_type=\"image.default\">\n\t\t\t\t\t\t\t\t\t\t\t\t\t\t\t\t<a href=\"https:\/\/docspider.com.br\/en\/Certificado-ISO-27001-IQNET\/\" target=\"_blank\">\n\t\t\t\t\t\t\t<img decoding=\"async\" width=\"768\" height=\"768\" src=\"\/wp-content\/uploads\/iqnet-rcmark_poscmyk-768x768.webp\" class=\"attachment-medium_large size-medium_large wp-image-15599\" alt=\"iqnet rcmark poscmyk\" srcset=\"\/wp-content\/uploads\/iqnet-rcmark_poscmyk-768x768.webp 768w, \/wp-content\/uploads\/iqnet-rcmark_poscmyk-300x300.webp 300w, \/wp-content\/uploads\/iqnet-rcmark_poscmyk-150x150.webp 150w, \/wp-content\/uploads\/iqnet-rcmark_poscmyk-12x12.webp 12w, \/wp-content\/uploads\/iqnet-rcmark_poscmyk.webp 841w\" sizes=\"(max-width: 768px) 100vw, 768px\" \/>\t\t\t\t\t\t\t\t<\/a>\n\t\t\t\t\t\t\t\t\t\t\t\t\t\t\t<\/div>\n\t\t\t\t<\/div>\n\t\t<div class=\"elementor-element elementor-element-f583058 e-con-full e-flex e-con e-child\" data-id=\"f583058\" data-element_type=\"container\" data-e-type=\"container\">\n\t\t\t\t<div class=\"elementor-element elementor-element-1a1ad8e elementor-widget elementor-widget-image\" data-id=\"1a1ad8e\" data-element_type=\"widget\" data-e-type=\"widget\" data-widget_type=\"image.default\">\n\t\t\t\t\t\t\t\t\t\t\t\t\t\t\t\t<a href=\"https:\/\/docspider.com.br\/en\/Certificado-ISO-9001\/\" target=\"_blank\">\n\t\t\t\t\t\t\t<img decoding=\"async\" width=\"100\" height=\"98\" src=\"\/wp-content\/uploads\/2024\/10\/SGS_ISO-9001_TCL_LR.webp\" class=\"attachment-full size-full wp-image-181\" alt=\"SGS ISO 9001 TCL LR\" \/>\t\t\t\t\t\t\t\t<\/a>\n\t\t\t\t\t\t\t\t\t\t\t\t\t\t\t<\/div>\n\t\t\t\t<\/div>\n\t\t<div class=\"elementor-element elementor-element-e4e34d8 e-con-full e-flex e-con e-child\" data-id=\"e4e34d8\" data-element_type=\"container\" data-e-type=\"container\">\n\t\t\t\t<div class=\"elementor-element elementor-element-bc96a1e elementor-widget elementor-widget-image\" data-id=\"bc96a1e\" data-element_type=\"widget\" data-e-type=\"widget\" data-widget_type=\"image.default\">\n\t\t\t\t\t\t\t\t\t\t\t\t\t\t\t\t<a href=\"https:\/\/docspider.com.br\/en\/Certificado-Pentest\/\" target=\"_blank\">\n\t\t\t\t\t\t\t<img loading=\"lazy\" decoding=\"async\" width=\"236\" height=\"93\" src=\"\/wp-content\/uploads\/2025\/04\/guardsi_logo-e1771532874328.webp\" class=\"attachment-full size-full wp-image-6000\" alt=\"guardsi logo\" srcset=\"\/wp-content\/uploads\/2025\/04\/guardsi_logo-e1771532874328.webp 236w, \/wp-content\/uploads\/2025\/04\/guardsi_logo-e1771532874328-18x7.webp 18w\" sizes=\"(max-width: 236px) 100vw, 236px\" \/>\t\t\t\t\t\t\t\t<\/a>\n\t\t\t\t\t\t\t\t\t\t\t\t\t\t\t<\/div>\n\t\t\t\t<\/div>\n\t\t<div class=\"elementor-element elementor-element-8d64a78 e-con-full e-flex e-con e-child\" data-id=\"8d64a78\" data-element_type=\"container\" data-e-type=\"container\">\n\t\t\t\t<div class=\"elementor-element elementor-element-d89a522 elementor-widget elementor-widget-image\" data-id=\"d89a522\" data-element_type=\"widget\" data-e-type=\"widget\" data-widget_type=\"image.default\">\n\t\t\t\t\t\t\t\t\t\t\t\t\t\t\t\t<a href=\"https:\/\/docspider.com.br\/en\/Certificado-Nature-Positive-Service\/\" target=\"_blank\">\n\t\t\t\t\t\t\t<img loading=\"lazy\" decoding=\"async\" width=\"333\" height=\"202\" src=\"\/wp-content\/uploads\/2024\/12\/certificado-sgs-nature.webp\" class=\"attachment-full size-full wp-image-1009\" alt=\"certificado sgs nature\" srcset=\"\/wp-content\/uploads\/2024\/12\/certificado-sgs-nature.webp 333w, \/wp-content\/uploads\/2024\/12\/certificado-sgs-nature-300x182.webp 300w\" sizes=\"(max-width: 333px) 100vw, 333px\" \/>\t\t\t\t\t\t\t\t<\/a>\n\t\t\t\t\t\t\t\t\t\t\t\t\t\t\t<\/div>\n\t\t\t\t<\/div>\n\t\t<div class=\"elementor-element elementor-element-a764a0c e-con-full e-flex e-con e-child\" data-id=\"a764a0c\" data-element_type=\"container\" data-e-type=\"container\">\n\t\t\t\t<div class=\"elementor-element elementor-element-3c45d6e elementor-widget elementor-widget-image\" data-id=\"3c45d6e\" data-element_type=\"widget\" data-e-type=\"widget\" data-widget_type=\"image.default\">\n\t\t\t\t\t\t\t\t\t\t\t\t\t\t\t\t<a href=\"https:\/\/docspider.com.br\/en\/Selo-Sustent\u00e1vel-D4sign\/\" target=\"_blank\">\n\t\t\t\t\t\t\t<img decoding=\"async\" src=\"\/wp-content\/uploads\/elementor\/thumbs\/d4sign-r7ekch6wvt9ej179udzjsqo44t63a58ar4xalqtmge.webp\" title=\"d4sign\" alt=\"d4sign\" loading=\"lazy\" \/>\t\t\t\t\t\t\t\t<\/a>\n\t\t\t\t\t\t\t\t\t\t\t\t\t\t\t<\/div>\n\t\t\t\t<\/div>\n\t\t\t\t<\/div>\n\t\t\t\t\t<\/div>\n\t\t\t\t<\/div>\n\t\t<div class=\"elementor-element elementor-element-1c18049 e-flex e-con-boxed e-con e-parent\" data-id=\"1c18049\" data-element_type=\"container\" data-e-type=\"container\" data-settings=\"{&quot;background_background&quot;:&quot;classic&quot;}\">\n\t\t\t\t\t<div class=\"e-con-inner\">\n\t\t<div class=\"elementor-element elementor-element-3375a3b e-con-full e-flex e-con e-child\" data-id=\"3375a3b\" data-element_type=\"container\" data-e-type=\"container\">\n\t\t\t\t<div class=\"elementor-element elementor-element-80bca35 elementor-widget__width-auto elementor-widget-mobile__width-inherit elementor-widget elementor-widget-heading\" data-id=\"80bca35\" data-element_type=\"widget\" data-e-type=\"widget\" data-widget_type=\"heading.default\">\n\t\t\t\t\t<h3 class=\"elementor-heading-title elementor-size-default\">WORK \n\n<span style=\"background: #ec1b24;color: white;padding: 5px 10px;border-radius: 15px;display: inline-block;margin-bottom: 10px\">WITH US<\/span><br><\/h3>\t\t\t\t<\/div>\n\t\t\t\t<div class=\"elementor-element elementor-element-0093bd6 elementor-widget elementor-widget-heading\" data-id=\"0093bd6\" data-element_type=\"widget\" data-e-type=\"widget\" data-widget_type=\"heading.default\">\n\t\t\t\t\t<h4 class=\"elementor-heading-title elementor-size-default\">Docspider Software is a company with over 30 years in the market, operating with a team of committed, motivated professionals who are passionate about what they do, understand the company's mission and vision, and put our values into practice. If you fit this profile, have the skills, knowledge, and desire to grow, please contact us.<\/h4>\t\t\t\t<\/div>\n\t\t\t\t<div class=\"elementor-element elementor-element-51e795a elementor-align-right elementor-tablet-align-center elementor-mobile-align-center elementor-widget elementor-widget-button\" data-id=\"51e795a\" data-element_type=\"widget\" data-e-type=\"widget\" data-widget_type=\"button.default\">\n\t\t\t\t\t\t\t\t\t\t<a class=\"elementor-button elementor-button-link elementor-size-sm\" href=\"https:\/\/docspider.com.br\/en\/trabalhe-conosco\/\">\n\t\t\t\t\t\t<span class=\"elementor-button-content-wrapper\">\n\t\t\t\t\t\t\t\t\t<span class=\"elementor-button-text\">CLICK HERE<\/span>\n\t\t\t\t\t<\/span>\n\t\t\t\t\t<\/a>\n\t\t\t\t\t\t\t\t<\/div>\n\t\t\t\t<\/div>\n\t\t\t\t\t<\/div>\n\t\t\t\t<\/div>\n\t\t\t\t<\/div>","protected":false},"excerpt":{"rendered":"<p>Quem Somos PERFIL CORPORATIVO Desde 1991, a Docspider Software S.A. se destaca no mercado com solu\u00e7\u00f5es inovadoras para transforma\u00e7\u00e3o digital da governan\u00e7a, compliance, processos e documentos. Nosso compromisso vai al\u00e9m de organizar informa\u00e7\u00f5es: oferecemos ferramentas que otimizam a performance, reduzem custos de forma cont\u00ednua e asseguram total conformidade regulat\u00f3ria. Reconhecida em setores estrat\u00e9gicos como bancos, [&hellip;]<\/p>\n","protected":false},"author":1,"featured_media":0,"parent":0,"menu_order":1,"comment_status":"closed","ping_status":"closed","template":"","meta":{"_seopress_robots_primary_cat":"","_seopress_titles_title":"","_seopress_titles_desc":"","_seopress_robots_index":"","footnotes":""},"class_list":["post-11","page","type-page","status-publish","hentry"],"_links":{"self":[{"href":"https:\/\/docspider.com.br\/en\/wp-json\/wp\/v2\/pages\/11","targetHints":{"allow":["GET"]}}],"collection":[{"href":"https:\/\/docspider.com.br\/en\/wp-json\/wp\/v2\/pages"}],"about":[{"href":"https:\/\/docspider.com.br\/en\/wp-json\/wp\/v2\/types\/page"}],"author":[{"embeddable":true,"href":"https:\/\/docspider.com.br\/en\/wp-json\/wp\/v2\/users\/1"}],"replies":[{"embeddable":true,"href":"https:\/\/docspider.com.br\/en\/wp-json\/wp\/v2\/comments?post=11"}],"version-history":[{"count":109,"href":"https:\/\/docspider.com.br\/en\/wp-json\/wp\/v2\/pages\/11\/revisions"}],"predecessor-version":[{"id":15716,"href":"https:\/\/docspider.com.br\/en\/wp-json\/wp\/v2\/pages\/11\/revisions\/15716"}],"wp:attachment":[{"href":"https:\/\/docspider.com.br\/en\/wp-json\/wp\/v2\/media?parent=11"}],"curies":[{"name":"wp","href":"https:\/\/api.w.org\/{rel}","templated":true}]}}