{"id":1104,"date":"2025-01-09T10:05:01","date_gmt":"2025-01-09T13:05:01","guid":{"rendered":"https:\/\/docspider.beondigital.com.br\/?page_id=1104"},"modified":"2025-11-18T16:27:55","modified_gmt":"2025-11-18T19:27:55","slug":"automacao-de-processos","status":"publish","type":"page","link":"https:\/\/docspider.com.br\/en\/automacao-de-processos\/","title":{"rendered":"Process Automation"},"content":{"rendered":"<div data-elementor-type=\"wp-page\" data-elementor-id=\"1104\" class=\"elementor elementor-1104\" data-elementor-post-type=\"page\">\n\t\t\t\t<div class=\"elementor-element elementor-element-31b4084 e-flex e-con-boxed e-con e-child\" data-id=\"31b4084\" data-element_type=\"container\" data-e-type=\"container\" data-settings=\"{&quot;background_background&quot;:&quot;classic&quot;}\">\n\t\t\t\t\t<div class=\"e-con-inner\">\n\t\t\t\t<div class=\"elementor-element elementor-element-df9ffd8 elementor-widget__width-initial elementor-widget-mobile__width-inherit elementor-widget elementor-widget-heading\" data-id=\"df9ffd8\" data-element_type=\"widget\" data-e-type=\"widget\" id=\"titulo-dinamico\" data-widget_type=\"heading.default\">\n\t\t\t\t\t<h1 class=\"elementor-heading-title elementor-size-default\">Process Automation - BPMS<\/h1>\t\t\t\t<\/div>\n\t\t\t\t<div class=\"elementor-element elementor-element-a7418d5 elementor-widget__width-initial elementor-widget-mobile__width-inherit elementor-hidden-mobile elementor-widget elementor-widget-heading\" data-id=\"a7418d5\" data-element_type=\"widget\" data-e-type=\"widget\" id=\"titulo-linhas-especial71\" data-widget_type=\"heading.default\">\n\t\t\t\t\t<h2 class=\"elementor-heading-title elementor-size-default\">The innovation that makes your complex processes simple, effective, and fully traceable.<\/h2>\t\t\t\t<\/div>\n\t\t\t\t<div class=\"elementor-element elementor-element-543cdc7 elementor-widget__width-initial elementor-widget-mobile__width-inherit elementor-hidden-desktop elementor-hidden-laptop elementor-hidden-tablet_extra elementor-hidden-tablet elementor-hidden-mobile_extra elementor-widget elementor-widget-heading\" data-id=\"543cdc7\" data-element_type=\"widget\" data-e-type=\"widget\" id=\"titulo-linhas-especial\" data-widget_type=\"heading.default\">\n\t\t\t\t\t<h2 class=\"elementor-heading-title elementor-size-default\">The innovation that makes your complex processes simple, effective, and fully traceable.<\/h2>\t\t\t\t<\/div>\n\t\t\t\t<div class=\"elementor-element elementor-element-7c6dfd6 elementor-align-center elementor-widget elementor-widget-button\" data-id=\"7c6dfd6\" data-element_type=\"widget\" data-e-type=\"widget\" data-widget_type=\"button.default\">\n\t\t\t\t\t\t\t\t\t\t<a class=\"elementor-button elementor-button-link elementor-size-sm\" href=\"https:\/\/docspider.com.br\/en\/fale-conosco\/\">\n\t\t\t\t\t\t<span class=\"elementor-button-content-wrapper\">\n\t\t\t\t\t\t\t\t\t<span class=\"elementor-button-text\">Request an introduction<\/span>\n\t\t\t\t\t<\/span>\n\t\t\t\t\t<\/a>\n\t\t\t\t\t\t\t\t<\/div>\n\t\t\t\t\t<\/div>\n\t\t\t\t<\/div>\n\t\t<div class=\"elementor-element elementor-element-105b29f e-flex e-con-boxed e-con e-parent\" data-id=\"105b29f\" data-element_type=\"container\" data-e-type=\"container\" data-settings=\"{&quot;background_background&quot;:&quot;classic&quot;}\">\n\t\t\t\t\t<div class=\"e-con-inner\">\n\t\t\t\t<div class=\"elementor-element elementor-element-66dfbc20 elementor-widget__width-auto elementor-widget elementor-widget-heading\" data-id=\"66dfbc20\" data-element_type=\"widget\" data-e-type=\"widget\" data-widget_type=\"heading.default\">\n\t\t\t\t\t<h2 class=\"elementor-heading-title elementor-size-default\">PROCESS AUTOMATION<\/h2>\t\t\t\t<\/div>\n\t\t\t\t<div class=\"elementor-element elementor-element-2dea1e2e elementor-widget-divider--view-line elementor-widget elementor-widget-divider\" data-id=\"2dea1e2e\" data-element_type=\"widget\" data-e-type=\"widget\" data-widget_type=\"divider.default\">\n\t\t\t\t\t\t\t<div class=\"elementor-divider\">\n\t\t\t<span class=\"elementor-divider-separator\">\n\t\t\t\t\t\t<\/span>\n\t\t<\/div>\n\t\t\t\t\t\t<\/div>\n\t\t\t\t<div class=\"elementor-element elementor-element-52786634 elementor-widget elementor-widget-text-editor\" data-id=\"52786634\" data-element_type=\"widget\" data-e-type=\"widget\" data-widget_type=\"text-editor.default\">\n\t\t\t\t\t\t\t\t\t<p>In a competitive and constantly changing environment, process automation is essential for companies seeking to maximize efficiency and reduce operational errors. Docspider's Business Process Management Suite (BPMS) offers a powerful platform that transforms complex operations into simplified workflows. With our solution, your organization can automate and optimize business processes, ensuring that each step is performed optimally and efficiently.<\/p>\t\t\t\t\t\t\t\t<\/div>\n\t\t\t\t\t<\/div>\n\t\t\t\t<\/div>\n\t\t<div class=\"elementor-element elementor-element-41989033 e-con-full e-flex e-con e-parent\" data-id=\"41989033\" data-element_type=\"container\" data-e-type=\"container\">\n\t\t<div class=\"elementor-element elementor-element-20695b36 e-flex e-con-boxed e-con e-child\" data-id=\"20695b36\" data-element_type=\"container\" data-e-type=\"container\" data-settings=\"{&quot;background_background&quot;:&quot;classic&quot;}\">\n\t\t\t\t\t<div class=\"e-con-inner\">\n\t\t<div class=\"elementor-element elementor-element-6e30463d e-con-full e-flex e-con e-child\" data-id=\"6e30463d\" data-element_type=\"container\" data-e-type=\"container\">\n\t\t\t\t<div class=\"elementor-element elementor-element-1e845e84 elementor-view-default elementor-widget elementor-widget-icon\" data-id=\"1e845e84\" data-element_type=\"widget\" data-e-type=\"widget\" data-widget_type=\"icon.default\">\n\t\t\t\t\t\t\t<div class=\"elementor-icon-wrapper\">\n\t\t\t<div class=\"elementor-icon\">\n\t\t\t<svg xmlns=\"http:\/\/www.w3.org\/2000\/svg\" width=\"180\" height=\"263\" viewbox=\"0 0 180 263\" fill=\"none\"><g clip-path=\"url(#clip0_77_2)\"><path d=\"M88.28 60.28V113.93L122.82 133.37L122.85 175.79L179.59 204.45V28.06L123.87 0V80L88.28 60.28Z\" fill=\"url(#paint0_linear_77_2)\"><\/path><path d=\"M83.92 60.42V113.99L48.61 133.92L48.65 176.48L0.27 206.14L0 109.35L83.92 60.42Z\" fill=\"url(#paint1_linear_77_2)\"><\/path><path d=\"M50.9 179.65L2.17004 210.48L86.53 262.25L177.42 207.43L121.67 179.34L86.83 199.84L50.9 179.65Z\" fill=\"url(#paint2_linear_77_2)\"><\/path><\/g><defs><lineargradient id=\"paint0_linear_77_2\" x1=\"88.28\" y1=\"102.23\" x2=\"179.59\" y2=\"102.23\" gradientunits=\"userSpaceOnUse\"><stop stop-color=\"#0094D9\"><\/stop><stop offset=\"0.2\" stop-color=\"#018DD3\"><\/stop><stop offset=\"0.48\" stop-color=\"#077AC5\"><\/stop><stop offset=\"0.81\" stop-color=\"#105CAD\"><\/stop><stop offset=\"1\" stop-color=\"#17479D\"><\/stop><\/lineargradient><lineargradient id=\"paint1_linear_77_2\" x1=\"0\" y1=\"133.28\" x2=\"83.92\" y2=\"133.28\" gradientunits=\"userSpaceOnUse\"><stop stop-color=\"#0094D9\"><\/stop><stop offset=\"0.2\" stop-color=\"#018DD3\"><\/stop><stop offset=\"0.48\" stop-color=\"#077AC5\"><\/stop><stop offset=\"0.81\" stop-color=\"#105CAD\"><\/stop><stop offset=\"1\" stop-color=\"#17479D\"><\/stop><\/lineargradient><lineargradient id=\"paint2_linear_77_2\" x1=\"2.17004\" y1=\"220.8\" x2=\"177.42\" y2=\"220.8\" gradientunits=\"userSpaceOnUse\"><stop stop-color=\"#0094D9\"><\/stop><stop offset=\"0.2\" stop-color=\"#018DD3\"><\/stop><stop offset=\"0.48\" stop-color=\"#077AC5\"><\/stop><stop offset=\"0.81\" stop-color=\"#105CAD\"><\/stop><stop offset=\"1\" stop-color=\"#17479D\"><\/stop><\/lineargradient><clippath id=\"clip0_77_2\"><rect width=\"179.59\" height=\"262.25\" fill=\"white\"><\/rect><\/clippath><\/defs><\/svg>\t\t\t<\/div>\n\t\t<\/div>\n\t\t\t\t\t\t<\/div>\n\t\t\t\t<div class=\"elementor-element elementor-element-54ec9cef elementor-widget elementor-widget-text-editor\" data-id=\"54ec9cef\" data-element_type=\"widget\" data-e-type=\"widget\" data-widget_type=\"text-editor.default\">\n\t\t\t\t\t\t\t\t\t<p>In a competitive and constantly changing environment, process automation is essential for companies seeking to maximize efficiency and reduce operational errors. Docspider's Business Process Management Suite (BPMS) offers a powerful platform that transforms complex operations into simplified workflows. With our solution, your organization can automate and optimize business processes, ensuring that each step is performed optimally and efficiently.<\/p>\t\t\t\t\t\t\t\t<\/div>\n\t\t\t\t<\/div>\n\t\t\t\t\t<\/div>\n\t\t\t\t<\/div>\n\t\t<div class=\"elementor-element elementor-element-490b81a4 e-flex e-con-boxed e-con e-child\" data-id=\"490b81a4\" data-element_type=\"container\" data-e-type=\"container\" data-settings=\"{&quot;background_background&quot;:&quot;classic&quot;}\">\n\t\t\t\t\t<div class=\"e-con-inner\">\n\t\t<div class=\"elementor-element elementor-element-353450fe e-con-full e-flex e-con e-child\" data-id=\"353450fe\" data-element_type=\"container\" data-e-type=\"container\">\n\t\t\t\t<div class=\"elementor-element elementor-element-4f4d6027 elementor-view-default elementor-widget elementor-widget-icon\" data-id=\"4f4d6027\" data-element_type=\"widget\" data-e-type=\"widget\" data-widget_type=\"icon.default\">\n\t\t\t\t\t\t\t<div class=\"elementor-icon-wrapper\">\n\t\t\t<div class=\"elementor-icon\">\n\t\t\t<svg xmlns=\"http:\/\/www.w3.org\/2000\/svg\" width=\"180\" height=\"263\" viewbox=\"0 0 180 263\" fill=\"none\"><g clip-path=\"url(#clip0_77_2)\"><path d=\"M88.28 60.28V113.93L122.82 133.37L122.85 175.79L179.59 204.45V28.06L123.87 0V80L88.28 60.28Z\" fill=\"url(#paint0_linear_77_2)\"><\/path><path d=\"M83.92 60.42V113.99L48.61 133.92L48.65 176.48L0.27 206.14L0 109.35L83.92 60.42Z\" fill=\"url(#paint1_linear_77_2)\"><\/path><path d=\"M50.9 179.65L2.17004 210.48L86.53 262.25L177.42 207.43L121.67 179.34L86.83 199.84L50.9 179.65Z\" fill=\"url(#paint2_linear_77_2)\"><\/path><\/g><defs><lineargradient id=\"paint0_linear_77_2\" x1=\"88.28\" y1=\"102.23\" x2=\"179.59\" y2=\"102.23\" gradientunits=\"userSpaceOnUse\"><stop stop-color=\"#0094D9\"><\/stop><stop offset=\"0.2\" stop-color=\"#018DD3\"><\/stop><stop offset=\"0.48\" stop-color=\"#077AC5\"><\/stop><stop offset=\"0.81\" stop-color=\"#105CAD\"><\/stop><stop offset=\"1\" stop-color=\"#17479D\"><\/stop><\/lineargradient><lineargradient id=\"paint1_linear_77_2\" x1=\"0\" y1=\"133.28\" x2=\"83.92\" y2=\"133.28\" gradientunits=\"userSpaceOnUse\"><stop stop-color=\"#0094D9\"><\/stop><stop offset=\"0.2\" stop-color=\"#018DD3\"><\/stop><stop offset=\"0.48\" stop-color=\"#077AC5\"><\/stop><stop offset=\"0.81\" stop-color=\"#105CAD\"><\/stop><stop offset=\"1\" stop-color=\"#17479D\"><\/stop><\/lineargradient><lineargradient id=\"paint2_linear_77_2\" x1=\"2.17004\" y1=\"220.8\" x2=\"177.42\" y2=\"220.8\" gradientunits=\"userSpaceOnUse\"><stop stop-color=\"#0094D9\"><\/stop><stop offset=\"0.2\" stop-color=\"#018DD3\"><\/stop><stop offset=\"0.48\" stop-color=\"#077AC5\"><\/stop><stop offset=\"0.81\" stop-color=\"#105CAD\"><\/stop><stop offset=\"1\" stop-color=\"#17479D\"><\/stop><\/lineargradient><clippath id=\"clip0_77_2\"><rect width=\"179.59\" height=\"262.25\" fill=\"white\"><\/rect><\/clippath><\/defs><\/svg>\t\t\t<\/div>\n\t\t<\/div>\n\t\t\t\t\t\t<\/div>\n\t\t\t\t<div class=\"elementor-element elementor-element-30417d54 elementor-widget elementor-widget-text-editor\" data-id=\"30417d54\" data-element_type=\"widget\" data-e-type=\"widget\" data-widget_type=\"text-editor.default\">\n\t\t\t\t\t\t\t\t\t<div class=\"row\"><div class=\"col-sm-12 col-md-7 col-lg-7\"><p>By choosing Docspider's BPMS, your company gains not only in efficiency, but also in operational flexibility and resilience. Our solution adapts to your specific needs, providing a more collaborative and dynamic work environment. With process automation, you position your organization to face future challenges with confidence, ensuring sustainable competitive advantage and continuous growth.<\/p><\/div><\/div>\t\t\t\t\t\t\t\t<\/div>\n\t\t\t\t<\/div>\n\t\t\t\t\t<\/div>\n\t\t\t\t<\/div>\n\t\t\t\t<\/div>\n\t\t<div class=\"elementor-element elementor-element-42103a4 e-flex e-con-boxed e-con e-parent\" data-id=\"42103a4\" data-element_type=\"container\" data-e-type=\"container\" data-settings=\"{&quot;background_background&quot;:&quot;classic&quot;}\">\n\t\t\t\t\t<div class=\"e-con-inner\">\n\t\t<div class=\"elementor-element elementor-element-bfa6100 e-con-full e-flex e-con e-child\" data-id=\"bfa6100\" data-element_type=\"container\" data-e-type=\"container\">\n\t\t\t\t<div class=\"elementor-element elementor-element-cb78ca6 elementor-widget__width-auto elementor-widget-mobile__width-inherit elementor-widget elementor-widget-heading\" data-id=\"cb78ca6\" data-element_type=\"widget\" data-e-type=\"widget\" data-widget_type=\"heading.default\">\n\t\t\t\t\t<h3 class=\"elementor-heading-title elementor-size-default\">CHECK OUT OUR <\/BR>SUCCESS STORIES\n<\/h3>\t\t\t\t<\/div>\n\t\t\t\t<div class=\"elementor-element elementor-element-62e9122 elementor-align-right elementor-tablet-align-center elementor-mobile-align-center elementor-widget elementor-widget-button\" data-id=\"62e9122\" data-element_type=\"widget\" data-e-type=\"widget\" data-widget_type=\"button.default\">\n\t\t\t\t\t\t\t\t\t\t<a class=\"elementor-button elementor-button-link elementor-size-sm\" href=\"https:\/\/docspider.com.br\/en\/fale-conosco\/\">\n\t\t\t\t\t\t<span class=\"elementor-button-content-wrapper\">\n\t\t\t\t\t\t\t\t\t<span class=\"elementor-button-text\">REQUEST AN INTRODUCTION<\/span>\n\t\t\t\t\t<\/span>\n\t\t\t\t\t<\/a>\n\t\t\t\t\t\t\t\t<\/div>\n\t\t\t\t<\/div>\n\t\t\t\t\t<\/div>\n\t\t\t\t<\/div>\n\t\t<div class=\"elementor-element elementor-element-119260a e-flex e-con-boxed e-con e-parent\" data-id=\"119260a\" data-element_type=\"container\" data-e-type=\"container\">\n\t\t\t\t\t<div class=\"e-con-inner\">\n\t\t\t\t<div class=\"elementor-element elementor-element-89c3f28 elementor-widget__width-inherit elementor-widget elementor-widget-heading\" data-id=\"89c3f28\" data-element_type=\"widget\" data-e-type=\"widget\" data-widget_type=\"heading.default\">\n\t\t\t\t\t<h2 class=\"elementor-heading-title elementor-size-default\">OTHER SOLUTIONS<\/h2>\t\t\t\t<\/div>\n\t\t\t\t<div class=\"elementor-element elementor-element-6096f3f elementor-widget-divider--view-line elementor-widget elementor-widget-divider\" data-id=\"6096f3f\" data-element_type=\"widget\" data-e-type=\"widget\" data-widget_type=\"divider.default\">\n\t\t\t\t\t\t\t<div class=\"elementor-divider\">\n\t\t\t<span class=\"elementor-divider-separator\">\n\t\t\t\t\t\t<\/span>\n\t\t<\/div>\n\t\t\t\t\t\t<\/div>\n\t\t<div class=\"elementor-element elementor-element-a9677c4 e-grid e-con-full e-con e-child\" data-id=\"a9677c4\" data-element_type=\"container\" data-e-type=\"container\">\n\t\t<div class=\"elementor-element elementor-element-026d4ca e-con-full e-flex e-con e-child\" data-id=\"026d4ca\" data-element_type=\"container\" data-e-type=\"container\" data-settings=\"{&quot;background_background&quot;:&quot;classic&quot;}\">\n\t\t\t\t<div class=\"elementor-element elementor-element-cddcfcc elementor-widget__width-initial elementor-widget elementor-widget-heading\" data-id=\"cddcfcc\" data-element_type=\"widget\" data-e-type=\"widget\" data-widget_type=\"heading.default\">\n\t\t\t\t\t<h3 class=\"elementor-heading-title elementor-size-default\"><a href=\"https:\/\/docspider.com.br\/en\/instrumentos-normativos\/\">GOVERNANCE REGULATORY INSTRUMENTS<\/a><\/h3>\t\t\t\t<\/div>\n\t\t\t\t<\/div>\n\t\t<div class=\"elementor-element elementor-element-354d07f e-con-full e-flex e-con e-child\" data-id=\"354d07f\" data-element_type=\"container\" data-e-type=\"container\" data-settings=\"{&quot;background_background&quot;:&quot;classic&quot;}\">\n\t\t\t\t<div class=\"elementor-element elementor-element-6d7cf12 elementor-widget__width-initial elementor-widget elementor-widget-heading\" data-id=\"6d7cf12\" data-element_type=\"widget\" data-e-type=\"widget\" data-widget_type=\"heading.default\">\n\t\t\t\t\t<h3 class=\"elementor-heading-title elementor-size-default\"><a href=\"https:\/\/docspider.com.br\/en\/atos-normativos\/\">GOVERNANCE REGULATORY ACTS<\/a><\/h3>\t\t\t\t<\/div>\n\t\t\t\t<\/div>\n\t\t<div class=\"elementor-element elementor-element-83f655b e-con-full e-flex e-con e-child\" data-id=\"83f655b\" data-element_type=\"container\" data-e-type=\"container\" data-settings=\"{&quot;background_background&quot;:&quot;classic&quot;}\">\n\t\t\t\t<div class=\"elementor-element elementor-element-ef21de0 elementor-widget__width-initial elementor-widget elementor-widget-heading\" data-id=\"ef21de0\" data-element_type=\"widget\" data-e-type=\"widget\" data-widget_type=\"heading.default\">\n\t\t\t\t\t<h3 class=\"elementor-heading-title elementor-size-default\"><a href=\"https:\/\/docspider.com.br\/en\/comites-e-colegiados\/\">COMMITTEE &amp; BOARD MANAGEMENT<\/a><\/h3>\t\t\t\t<\/div>\n\t\t\t\t<\/div>\n\t\t<div class=\"elementor-element elementor-element-af31fd8 e-con-full e-flex e-con e-child\" data-id=\"af31fd8\" data-element_type=\"container\" data-e-type=\"container\" data-settings=\"{&quot;background_background&quot;:&quot;classic&quot;}\">\n\t\t\t\t<div class=\"elementor-element elementor-element-6debd85 elementor-widget__width-initial elementor-widget elementor-widget-heading\" data-id=\"6debd85\" data-element_type=\"widget\" data-e-type=\"widget\" data-widget_type=\"heading.default\">\n\t\t\t\t\t<h3 class=\"elementor-heading-title elementor-size-default\"><a href=\"https:\/\/docspider.com.br\/en\/documentacao-de-processos\/\">PROCESS DOCUMENTATION MANAGEMENT<\/a><\/h3>\t\t\t\t<\/div>\n\t\t\t\t<\/div>\n\t\t<div class=\"elementor-element elementor-element-91f78ea e-con-full e-flex e-con e-child\" data-id=\"91f78ea\" data-element_type=\"container\" data-e-type=\"container\" data-settings=\"{&quot;background_background&quot;:&quot;classic&quot;}\">\n\t\t\t\t<div class=\"elementor-element elementor-element-7d627d0 elementor-widget__width-initial elementor-widget elementor-widget-heading\" data-id=\"7d627d0\" data-element_type=\"widget\" data-e-type=\"widget\" data-widget_type=\"heading.default\">\n\t\t\t\t\t<h3 class=\"elementor-heading-title elementor-size-default\"><a href=\"https:\/\/docspider.com.br\/en\/assuntos-regulatorios\/\">GEST\u00c3O DE\nASSUNTOS\nREGULAT\u00d3RIOS<\/a><\/h3>\t\t\t\t<\/div>\n\t\t\t\t<\/div>\n\t\t\t\t<\/div>\n\t\t\t\t\t<\/div>\n\t\t\t\t<\/div>\n\t\t<div class=\"elementor-element elementor-element-630bcb1 e-flex e-con-boxed e-con e-parent\" data-id=\"630bcb1\" data-element_type=\"container\" data-e-type=\"container\" data-settings=\"{&quot;background_background&quot;:&quot;classic&quot;}\">\n\t\t\t\t\t<div class=\"e-con-inner\">\n\t\t\t\t<div class=\"elementor-element elementor-element-1e1acc1 elementor-widget__width-initial elementor-widget-mobile__width-inherit elementor-widget-tablet_extra__width-initial elementor-widget-tablet__width-inherit elementor-hidden-mobile elementor-widget elementor-widget-heading\" data-id=\"1e1acc1\" data-element_type=\"widget\" data-e-type=\"widget\" data-widget_type=\"heading.default\">\n\t\t\t\t\t<h3 class=\"elementor-heading-title elementor-size-default\"> <span style=\"background: #ec1b24;color: white;padding: 5px 10px;border-radius: 15px;display: inline-block;margin-bottom: 10px\"> EFFICIENT AUTOMATION <\/span>\nAUTOMATION TURNS CRITICAL PROCESSES INTO COMPETITIVE ADVANTAGES<\/h3>\t\t\t\t<\/div>\n\t\t\t\t<div class=\"elementor-element elementor-element-dcc54b9 elementor-widget__width-initial elementor-widget-mobile__width-inherit elementor-widget-tablet_extra__width-initial elementor-widget-tablet__width-inherit elementor-hidden-desktop elementor-hidden-laptop elementor-hidden-tablet_extra elementor-hidden-tablet elementor-hidden-mobile_extra elementor-widget elementor-widget-heading\" data-id=\"dcc54b9\" data-element_type=\"widget\" data-e-type=\"widget\" data-widget_type=\"heading.default\">\n\t\t\t\t\t<h3 class=\"elementor-heading-title elementor-size-default\"> <span style=\"background: #ec1b24;color: white;padding: 5px 10px;border-radius: 15px;display: inline-block;margin-bottom: 10px\"> AUTOMA\u00c7\u00c3O <\/span>\n <span style=\"background: #ec1b24;color: white;padding: 5px 10px;border-radius: 15px;display: inline-block;margin-bottom: 10px\">  EFICIENTE <\/span>\nAUTOMATION TURNS CRITICAL PROCESSES INTO COMPETITIVE ADVANTAGES<\/h3>\t\t\t\t<\/div>\n\t\t\t\t<div class=\"elementor-element elementor-element-ede1ce0 elementor-align-right elementor-tablet-align-center elementor-mobile-align-center elementor-widget elementor-widget-button\" data-id=\"ede1ce0\" data-element_type=\"widget\" data-e-type=\"widget\" data-widget_type=\"button.default\">\n\t\t\t\t\t\t\t\t\t\t<a class=\"elementor-button elementor-button-link elementor-size-sm\" href=\"https:\/\/docspider.com.br\/en\/fale-conosco\/\">\n\t\t\t\t\t\t<span class=\"elementor-button-content-wrapper\">\n\t\t\t\t\t\t\t\t\t<span class=\"elementor-button-text\">Contact Us<\/span>\n\t\t\t\t\t<\/span>\n\t\t\t\t\t<\/a>\n\t\t\t\t\t\t\t\t<\/div>\n\t\t\t\t\t<\/div>\n\t\t\t\t<\/div>\n\t\t\t\t<\/div>","protected":false},"excerpt":{"rendered":"<p>Automa\u00e7\u00e3o de Processos \u2013 BPMS A inova\u00e7\u00e3o que torna seus processos complexos em simples, eficazes e com completa rastreabilidade. A inova\u00e7\u00e3o que torna seus processos complexos em simples, eficazes e com completa rastreabilidade. SOLICITE UMA APRESENTA\u00c7\u00c3O AUTOMA\u00c7\u00c3O DE PROCESSOS Em um ambiente competitivo e em constante mudan\u00e7a, a automa\u00e7\u00e3o de processos \u00e9 fundamental para empresas [&hellip;]<\/p>\n","protected":false},"author":1,"featured_media":0,"parent":0,"menu_order":6,"comment_status":"closed","ping_status":"closed","template":"elementor_header_footer","meta":{"_seopress_robots_primary_cat":"","_seopress_titles_title":"","_seopress_titles_desc":"","_seopress_robots_index":"","footnotes":""},"class_list":["post-1104","page","type-page","status-publish","hentry"],"_links":{"self":[{"href":"https:\/\/docspider.com.br\/en\/wp-json\/wp\/v2\/pages\/1104","targetHints":{"allow":["GET"]}}],"collection":[{"href":"https:\/\/docspider.com.br\/en\/wp-json\/wp\/v2\/pages"}],"about":[{"href":"https:\/\/docspider.com.br\/en\/wp-json\/wp\/v2\/types\/page"}],"author":[{"embeddable":true,"href":"https:\/\/docspider.com.br\/en\/wp-json\/wp\/v2\/users\/1"}],"replies":[{"embeddable":true,"href":"https:\/\/docspider.com.br\/en\/wp-json\/wp\/v2\/comments?post=1104"}],"version-history":[{"count":79,"href":"https:\/\/docspider.com.br\/en\/wp-json\/wp\/v2\/pages\/1104\/revisions"}],"predecessor-version":[{"id":14116,"href":"https:\/\/docspider.com.br\/en\/wp-json\/wp\/v2\/pages\/1104\/revisions\/14116"}],"wp:attachment":[{"href":"https:\/\/docspider.com.br\/en\/wp-json\/wp\/v2\/media?parent=1104"}],"curies":[{"name":"wp","href":"https:\/\/api.w.org\/{rel}","templated":true}]}}