{"id":14058,"date":"2025-11-14T10:51:08","date_gmt":"2025-11-14T13:51:08","guid":{"rendered":"https:\/\/docspider.com.br\/?page_id=14058"},"modified":"2025-11-14T10:57:29","modified_gmt":"2025-11-14T13:57:29","slug":"politica-de-qualidade","status":"publish","type":"page","link":"https:\/\/docspider.com.br\/en\/politica-de-qualidade\/","title":{"rendered":"Quality Policy"},"content":{"rendered":"<div data-elementor-type=\"wp-page\" data-elementor-id=\"14058\" class=\"elementor elementor-14058\" data-elementor-post-type=\"page\">\n\t\t\t\t<div class=\"elementor-element elementor-element-4bddd8d e-flex e-con-boxed e-con e-parent\" data-id=\"4bddd8d\" data-element_type=\"container\" data-e-type=\"container\">\n\t\t\t\t\t<div class=\"e-con-inner\">\n\t\t\t\t\t<\/div>\n\t\t\t\t<\/div>\n\t\t<div class=\"elementor-element elementor-element-16f6ef2 e-flex e-con-boxed e-con e-parent\" data-id=\"16f6ef2\" data-element_type=\"container\" data-e-type=\"container\">\n\t\t\t\t\t<div class=\"e-con-inner\">\n\t\t\t\t<div class=\"elementor-element elementor-element-e5c6dae elementor-widget elementor-widget-text-editor\" data-id=\"e5c6dae\" data-element_type=\"widget\" data-e-type=\"widget\" data-widget_type=\"text-editor.default\">\n\t\t\t\t\t\t\t\t\t<div class=\"elementor-element elementor-element-31136a0 elementor-widget__width-auto elementor-widget elementor-widget-heading\" data-id=\"31136a0\" data-element_type=\"widget\" data-widget_type=\"heading.default\"><h3 class=\"elementor-heading-title elementor-size-default\"><strong>Docspider Software S.A. has the following policy:<br \/><br \/><\/strong><\/h3><\/div><div class=\"elementor-element elementor-element-8edd03b elementor-widget__width-initial elementor-widget elementor-widget-text-editor\" data-id=\"8edd03b\" data-element_type=\"widget\" data-widget_type=\"text-editor.default\"><ul><li>The continuous improvement of software development, marketing, consulting, and support processes;<\/li><li>Seeking excellence in products and services, aiming at customer satisfaction and market reference by meeting their demands;<\/li><li>Through the recognition and satisfaction of its employees, understanding that business success is determined by the talent, performance, and collaboration of professionals.<\/li><\/ul><\/div>\t\t\t\t\t\t\t\t<\/div>\n\t\t\t\t\t<\/div>\n\t\t\t\t<\/div>\n\t\t\t\t<\/div>","protected":false},"excerpt":{"rendered":"<p>A Docspider Software S.A. tem como pol\u00edtica: &nbsp; A melhoria cont\u00ednua dos processos de desenvolvimento, comercializa\u00e7\u00e3o, consultoria e suporte de software; Buscando a excel\u00eancia dos produtos e servi\u00e7os, objetivando a satisfa\u00e7\u00e3o do portf\u00f3lio de clientes e refer\u00eancia de mercado por interm\u00e9dio do atendimento das suas demandas; Atrav\u00e9s do reconhecimento e satisfa\u00e7\u00e3o de seus colaboradores, por [&hellip;]<\/p>\n","protected":false},"author":1,"featured_media":0,"parent":0,"menu_order":14,"comment_status":"closed","ping_status":"closed","template":"","meta":{"_seopress_robots_primary_cat":"","_seopress_titles_title":"","_seopress_titles_desc":"","_seopress_robots_index":"","footnotes":""},"class_list":["post-14058","page","type-page","status-publish","hentry"],"_links":{"self":[{"href":"https:\/\/docspider.com.br\/en\/wp-json\/wp\/v2\/pages\/14058","targetHints":{"allow":["GET"]}}],"collection":[{"href":"https:\/\/docspider.com.br\/en\/wp-json\/wp\/v2\/pages"}],"about":[{"href":"https:\/\/docspider.com.br\/en\/wp-json\/wp\/v2\/types\/page"}],"author":[{"embeddable":true,"href":"https:\/\/docspider.com.br\/en\/wp-json\/wp\/v2\/users\/1"}],"replies":[{"embeddable":true,"href":"https:\/\/docspider.com.br\/en\/wp-json\/wp\/v2\/comments?post=14058"}],"version-history":[{"count":4,"href":"https:\/\/docspider.com.br\/en\/wp-json\/wp\/v2\/pages\/14058\/revisions"}],"predecessor-version":[{"id":14062,"href":"https:\/\/docspider.com.br\/en\/wp-json\/wp\/v2\/pages\/14058\/revisions\/14062"}],"wp:attachment":[{"href":"https:\/\/docspider.com.br\/en\/wp-json\/wp\/v2\/media?parent=14058"}],"curies":[{"name":"wp","href":"https:\/\/api.w.org\/{rel}","templated":true}]}}