{"id":41,"date":"2024-10-28T12:54:14","date_gmt":"2024-10-28T15:54:14","guid":{"rendered":"https:\/\/docspider.beondigital.com.br\/?page_id=41"},"modified":"2025-11-18T16:25:43","modified_gmt":"2025-11-18T19:25:43","slug":"instrumentos-normativos","status":"publish","type":"page","link":"https:\/\/docspider.com.br\/en\/instrumentos-normativos\/","title":{"rendered":"Regulatory instruments"},"content":{"rendered":"<div data-elementor-type=\"wp-page\" data-elementor-id=\"41\" class=\"elementor elementor-41\" data-elementor-post-type=\"page\">\n\t\t\t\t<div class=\"elementor-element elementor-element-92af8b9 e-flex e-con-boxed e-con e-child\" data-id=\"92af8b9\" data-element_type=\"container\" data-e-type=\"container\" data-settings=\"{&quot;background_background&quot;:&quot;classic&quot;}\">\n\t\t\t\t\t<div class=\"e-con-inner\">\n\t\t\t\t<div class=\"elementor-element elementor-element-144c348 elementor-widget__width-inherit elementor-widget elementor-widget-heading\" data-id=\"144c348\" data-element_type=\"widget\" data-e-type=\"widget\" id=\"titulo-dinamico\" data-widget_type=\"heading.default\">\n\t\t\t\t\t<h1 class=\"elementor-heading-title elementor-size-default\">Uncomplicated and Intelligent Regulatory Governance<\/h1>\t\t\t\t<\/div>\n\t\t\t\t<div class=\"elementor-element elementor-element-884027e elementor-widget__width-initial elementor-widget-mobile__width-inherit elementor-hidden-mobile elementor-widget elementor-widget-heading\" data-id=\"884027e\" data-element_type=\"widget\" data-e-type=\"widget\" id=\"titulo-linhas\" data-widget_type=\"heading.default\">\n\t\t\t\t\t<h2 class=\"elementor-heading-title elementor-size-default\">Ensure efficiency and productivity in the management of regulatory instruments with high performance.<\/h2>\t\t\t\t<\/div>\n\t\t\t\t<div class=\"elementor-element elementor-element-d1249fa elementor-widget__width-initial elementor-widget-mobile__width-inherit elementor-hidden-desktop elementor-hidden-laptop elementor-hidden-tablet_extra elementor-hidden-tablet elementor-hidden-mobile_extra elementor-widget elementor-widget-heading\" data-id=\"d1249fa\" data-element_type=\"widget\" data-e-type=\"widget\" id=\"titulo-linhas-especial85\" data-widget_type=\"heading.default\">\n\t\t\t\t\t<h2 class=\"elementor-heading-title elementor-size-default\">Ensure efficiency and productivity in the management of regulatory instruments with high performance.<\/h2>\t\t\t\t<\/div>\n\t\t\t\t<div class=\"elementor-element elementor-element-cd834ff elementor-align-center elementor-widget elementor-widget-button\" data-id=\"cd834ff\" data-element_type=\"widget\" data-e-type=\"widget\" data-widget_type=\"button.default\">\n\t\t\t\t\t\t\t\t\t\t<a class=\"elementor-button elementor-button-link elementor-size-sm\" href=\"https:\/\/docspider.com.br\/en\/fale-conosco\/\">\n\t\t\t\t\t\t<span class=\"elementor-button-content-wrapper\">\n\t\t\t\t\t\t\t\t\t<span class=\"elementor-button-text\">Request an introduction<\/span>\n\t\t\t\t\t<\/span>\n\t\t\t\t\t<\/a>\n\t\t\t\t\t\t\t\t<\/div>\n\t\t\t\t\t<\/div>\n\t\t\t\t<\/div>\n\t\t<div class=\"elementor-element elementor-element-0540712 e-flex e-con-boxed e-con e-parent\" data-id=\"0540712\" data-element_type=\"container\" data-e-type=\"container\" data-settings=\"{&quot;background_background&quot;:&quot;classic&quot;}\">\n\t\t\t\t\t<div class=\"e-con-inner\">\n\t\t\t\t<div class=\"elementor-element elementor-element-bac0ee3 elementor-widget__width-auto elementor-widget elementor-widget-heading\" data-id=\"bac0ee3\" data-element_type=\"widget\" data-e-type=\"widget\" data-widget_type=\"heading.default\">\n\t\t\t\t\t<h2 class=\"elementor-heading-title elementor-size-default\">REGULATORY INSTRUMENTS<\/h2>\t\t\t\t<\/div>\n\t\t\t\t<div class=\"elementor-element elementor-element-4224684 elementor-widget-divider--view-line elementor-widget elementor-widget-divider\" data-id=\"4224684\" data-element_type=\"widget\" data-e-type=\"widget\" data-widget_type=\"divider.default\">\n\t\t\t\t\t\t\t<div class=\"elementor-divider\">\n\t\t\t<span class=\"elementor-divider-separator\">\n\t\t\t\t\t\t<\/span>\n\t\t<\/div>\n\t\t\t\t\t\t<\/div>\n\t\t\t\t<div class=\"elementor-element elementor-element-c859c1a elementor-widget elementor-widget-text-editor\" data-id=\"c859c1a\" data-element_type=\"widget\" data-e-type=\"widget\" data-widget_type=\"text-editor.default\">\n\t\t\t\t\t\t\t\t\t<p>In highly regulated sectors such as finance, insurance, industry, and services, our Regulatory Instruments solution, optimized with artificial intelligence, goes beyond regulatory compliance. By integrating Environment, Social, and Governance (ESG) principles, we turn challenges into opportunities for sustainable growth. Our software promotes responsible practices that boost financial performance and strengthen your company's reputation in the market.<\/p>\t\t\t\t\t\t\t\t<\/div>\n\t\t\t\t\t<\/div>\n\t\t\t\t<\/div>\n\t\t<div class=\"elementor-element elementor-element-d3a6794 e-con-full e-flex e-con e-parent\" data-id=\"d3a6794\" data-element_type=\"container\" data-e-type=\"container\">\n\t\t<div class=\"elementor-element elementor-element-9884e20 e-flex e-con-boxed e-con e-child\" data-id=\"9884e20\" data-element_type=\"container\" data-e-type=\"container\" data-settings=\"{&quot;background_background&quot;:&quot;classic&quot;}\">\n\t\t\t\t\t<div class=\"e-con-inner\">\n\t\t<div class=\"elementor-element elementor-element-ccf7675 e-con-full e-flex e-con e-child\" data-id=\"ccf7675\" data-element_type=\"container\" data-e-type=\"container\">\n\t\t\t\t<div class=\"elementor-element elementor-element-dc2517b elementor-view-default elementor-widget elementor-widget-icon\" data-id=\"dc2517b\" data-element_type=\"widget\" data-e-type=\"widget\" data-widget_type=\"icon.default\">\n\t\t\t\t\t\t\t<div class=\"elementor-icon-wrapper\">\n\t\t\t<div class=\"elementor-icon\">\n\t\t\t<svg xmlns=\"http:\/\/www.w3.org\/2000\/svg\" width=\"180\" height=\"263\" viewbox=\"0 0 180 263\" fill=\"none\"><g clip-path=\"url(#clip0_77_2)\"><path d=\"M88.28 60.28V113.93L122.82 133.37L122.85 175.79L179.59 204.45V28.06L123.87 0V80L88.28 60.28Z\" fill=\"url(#paint0_linear_77_2)\"><\/path><path d=\"M83.92 60.42V113.99L48.61 133.92L48.65 176.48L0.27 206.14L0 109.35L83.92 60.42Z\" fill=\"url(#paint1_linear_77_2)\"><\/path><path d=\"M50.9 179.65L2.17004 210.48L86.53 262.25L177.42 207.43L121.67 179.34L86.83 199.84L50.9 179.65Z\" fill=\"url(#paint2_linear_77_2)\"><\/path><\/g><defs><lineargradient id=\"paint0_linear_77_2\" x1=\"88.28\" y1=\"102.23\" x2=\"179.59\" y2=\"102.23\" gradientunits=\"userSpaceOnUse\"><stop stop-color=\"#0094D9\"><\/stop><stop offset=\"0.2\" stop-color=\"#018DD3\"><\/stop><stop offset=\"0.48\" stop-color=\"#077AC5\"><\/stop><stop offset=\"0.81\" stop-color=\"#105CAD\"><\/stop><stop offset=\"1\" stop-color=\"#17479D\"><\/stop><\/lineargradient><lineargradient id=\"paint1_linear_77_2\" x1=\"0\" y1=\"133.28\" x2=\"83.92\" y2=\"133.28\" gradientunits=\"userSpaceOnUse\"><stop stop-color=\"#0094D9\"><\/stop><stop offset=\"0.2\" stop-color=\"#018DD3\"><\/stop><stop offset=\"0.48\" stop-color=\"#077AC5\"><\/stop><stop offset=\"0.81\" stop-color=\"#105CAD\"><\/stop><stop offset=\"1\" stop-color=\"#17479D\"><\/stop><\/lineargradient><lineargradient id=\"paint2_linear_77_2\" x1=\"2.17004\" y1=\"220.8\" x2=\"177.42\" y2=\"220.8\" gradientunits=\"userSpaceOnUse\"><stop stop-color=\"#0094D9\"><\/stop><stop offset=\"0.2\" stop-color=\"#018DD3\"><\/stop><stop offset=\"0.48\" stop-color=\"#077AC5\"><\/stop><stop offset=\"0.81\" stop-color=\"#105CAD\"><\/stop><stop offset=\"1\" stop-color=\"#17479D\"><\/stop><\/lineargradient><clippath id=\"clip0_77_2\"><rect width=\"179.59\" height=\"262.25\" fill=\"white\"><\/rect><\/clippath><\/defs><\/svg>\t\t\t<\/div>\n\t\t<\/div>\n\t\t\t\t\t\t<\/div>\n\t\t\t\t<div class=\"elementor-element elementor-element-4932a63 elementor-widget elementor-widget-text-editor\" data-id=\"4932a63\" data-element_type=\"widget\" data-e-type=\"widget\" data-widget_type=\"text-editor.default\">\n\t\t\t\t\t\t\t\t\t<p>Docspider's collaborative platform facilitates efficient access to critical documents, ensuring that everyone, from strategic committees to employees, participates in a high-performance collaborative environment. This increases productivity and agility, which are essential for tackling daily problems effectively, as well as providing peace of mind and security when preparing for audits. Advanced indexing technology and automated alerts ensure that each step of the regulatory process is aligned with best practices in sustainability and governance. <br \/>e governan\u00e7a.<\/p>\t\t\t\t\t\t\t\t<\/div>\n\t\t\t\t<\/div>\n\t\t\t\t\t<\/div>\n\t\t\t\t<\/div>\n\t\t<div class=\"elementor-element elementor-element-54240c3 e-flex e-con-boxed e-con e-child\" data-id=\"54240c3\" data-element_type=\"container\" data-e-type=\"container\" data-settings=\"{&quot;background_background&quot;:&quot;classic&quot;}\">\n\t\t\t\t\t<div class=\"e-con-inner\">\n\t\t<div class=\"elementor-element elementor-element-55c1961 e-con-full e-flex e-con e-child\" data-id=\"55c1961\" data-element_type=\"container\" data-e-type=\"container\">\n\t\t\t\t<div class=\"elementor-element elementor-element-8186eb8 elementor-view-default elementor-widget elementor-widget-icon\" data-id=\"8186eb8\" data-element_type=\"widget\" data-e-type=\"widget\" data-widget_type=\"icon.default\">\n\t\t\t\t\t\t\t<div class=\"elementor-icon-wrapper\">\n\t\t\t<div class=\"elementor-icon\">\n\t\t\t<svg xmlns=\"http:\/\/www.w3.org\/2000\/svg\" width=\"180\" height=\"263\" viewbox=\"0 0 180 263\" fill=\"none\"><g clip-path=\"url(#clip0_77_2)\"><path d=\"M88.28 60.28V113.93L122.82 133.37L122.85 175.79L179.59 204.45V28.06L123.87 0V80L88.28 60.28Z\" fill=\"url(#paint0_linear_77_2)\"><\/path><path d=\"M83.92 60.42V113.99L48.61 133.92L48.65 176.48L0.27 206.14L0 109.35L83.92 60.42Z\" fill=\"url(#paint1_linear_77_2)\"><\/path><path d=\"M50.9 179.65L2.17004 210.48L86.53 262.25L177.42 207.43L121.67 179.34L86.83 199.84L50.9 179.65Z\" fill=\"url(#paint2_linear_77_2)\"><\/path><\/g><defs><lineargradient id=\"paint0_linear_77_2\" x1=\"88.28\" y1=\"102.23\" x2=\"179.59\" y2=\"102.23\" gradientunits=\"userSpaceOnUse\"><stop stop-color=\"#0094D9\"><\/stop><stop offset=\"0.2\" stop-color=\"#018DD3\"><\/stop><stop offset=\"0.48\" stop-color=\"#077AC5\"><\/stop><stop offset=\"0.81\" stop-color=\"#105CAD\"><\/stop><stop offset=\"1\" stop-color=\"#17479D\"><\/stop><\/lineargradient><lineargradient id=\"paint1_linear_77_2\" x1=\"0\" y1=\"133.28\" x2=\"83.92\" y2=\"133.28\" gradientunits=\"userSpaceOnUse\"><stop stop-color=\"#0094D9\"><\/stop><stop offset=\"0.2\" stop-color=\"#018DD3\"><\/stop><stop offset=\"0.48\" stop-color=\"#077AC5\"><\/stop><stop offset=\"0.81\" stop-color=\"#105CAD\"><\/stop><stop offset=\"1\" stop-color=\"#17479D\"><\/stop><\/lineargradient><lineargradient id=\"paint2_linear_77_2\" x1=\"2.17004\" y1=\"220.8\" x2=\"177.42\" y2=\"220.8\" gradientunits=\"userSpaceOnUse\"><stop stop-color=\"#0094D9\"><\/stop><stop offset=\"0.2\" stop-color=\"#018DD3\"><\/stop><stop offset=\"0.48\" stop-color=\"#077AC5\"><\/stop><stop offset=\"0.81\" stop-color=\"#105CAD\"><\/stop><stop offset=\"1\" stop-color=\"#17479D\"><\/stop><\/lineargradient><clippath id=\"clip0_77_2\"><rect width=\"179.59\" height=\"262.25\" fill=\"white\"><\/rect><\/clippath><\/defs><\/svg>\t\t\t<\/div>\n\t\t<\/div>\n\t\t\t\t\t\t<\/div>\n\t\t\t\t<div class=\"elementor-element elementor-element-a57e7dc elementor-widget elementor-widget-text-editor\" data-id=\"a57e7dc\" data-element_type=\"widget\" data-e-type=\"widget\" data-widget_type=\"text-editor.default\">\n\t\t\t\t\t\t\t\t\t<p>By investing in our solution, your company not only mitigates regulatory risks but also builds a robust governance structure that supports sustainable financial growth. We turn compliance into a competitive advantage, enabling your business to thrive in an increasingly demanding environment. Facilitate agile problem solving on a daily basis, promoting collaboration and performance in highly efficient collaborative environments.<\/p>\t\t\t\t\t\t\t\t<\/div>\n\t\t\t\t<\/div>\n\t\t\t\t\t<\/div>\n\t\t\t\t<\/div>\n\t\t\t\t<\/div>\n\t\t<div class=\"elementor-element elementor-element-6851b15 e-flex e-con-boxed e-con e-parent\" data-id=\"6851b15\" data-element_type=\"container\" data-e-type=\"container\" data-settings=\"{&quot;background_background&quot;:&quot;classic&quot;}\">\n\t\t\t\t\t<div class=\"e-con-inner\">\n\t\t<div class=\"elementor-element elementor-element-c068c8d e-con-full e-flex e-con e-child\" data-id=\"c068c8d\" data-element_type=\"container\" data-e-type=\"container\">\n\t\t\t\t<div class=\"elementor-element elementor-element-5cc673e elementor-widget__width-auto elementor-widget-mobile__width-inherit elementor-widget elementor-widget-heading\" data-id=\"5cc673e\" data-element_type=\"widget\" data-e-type=\"widget\" data-widget_type=\"heading.default\">\n\t\t\t\t\t<h3 class=\"elementor-heading-title elementor-size-default\">CHECK OUT OUR <\/BR>SUCCESS STORIES\n<\/h3>\t\t\t\t<\/div>\n\t\t\t\t<div class=\"elementor-element elementor-element-ca1b80a elementor-align-right elementor-tablet-align-center elementor-mobile-align-center elementor-widget elementor-widget-button\" data-id=\"ca1b80a\" data-element_type=\"widget\" data-e-type=\"widget\" data-widget_type=\"button.default\">\n\t\t\t\t\t\t\t\t\t\t<a class=\"elementor-button elementor-button-link elementor-size-sm\" href=\"https:\/\/docspider.com.br\/en\/fale-conosco\/\" target=\"_blank\">\n\t\t\t\t\t\t<span class=\"elementor-button-content-wrapper\">\n\t\t\t\t\t\t\t\t\t<span class=\"elementor-button-text\">REQUEST AN INTRODUCTION<\/span>\n\t\t\t\t\t<\/span>\n\t\t\t\t\t<\/a>\n\t\t\t\t\t\t\t\t<\/div>\n\t\t\t\t<\/div>\n\t\t\t\t\t<\/div>\n\t\t\t\t<\/div>\n\t\t<div class=\"elementor-element elementor-element-4113506 e-flex e-con-boxed e-con e-parent\" data-id=\"4113506\" data-element_type=\"container\" data-e-type=\"container\">\n\t\t\t\t\t<div class=\"e-con-inner\">\n\t\t\t\t<div class=\"elementor-element elementor-element-5fa3a9c elementor-widget__width-inherit elementor-widget elementor-widget-heading\" data-id=\"5fa3a9c\" data-element_type=\"widget\" data-e-type=\"widget\" data-widget_type=\"heading.default\">\n\t\t\t\t\t<h2 class=\"elementor-heading-title elementor-size-default\">OTHER SOLUTIONS<\/h2>\t\t\t\t<\/div>\n\t\t\t\t<div class=\"elementor-element elementor-element-0aef2f8 elementor-widget-divider--view-line elementor-widget elementor-widget-divider\" data-id=\"0aef2f8\" data-element_type=\"widget\" data-e-type=\"widget\" data-widget_type=\"divider.default\">\n\t\t\t\t\t\t\t<div class=\"elementor-divider\">\n\t\t\t<span class=\"elementor-divider-separator\">\n\t\t\t\t\t\t<\/span>\n\t\t<\/div>\n\t\t\t\t\t\t<\/div>\n\t\t<div class=\"elementor-element elementor-element-4a6be39 e-grid e-con-full e-con e-child\" data-id=\"4a6be39\" data-element_type=\"container\" data-e-type=\"container\">\n\t\t<div class=\"elementor-element elementor-element-c2cf98b e-con-full e-flex e-con e-child\" data-id=\"c2cf98b\" data-element_type=\"container\" data-e-type=\"container\" data-settings=\"{&quot;background_background&quot;:&quot;classic&quot;}\">\n\t\t\t\t<div class=\"elementor-element elementor-element-e0a9442 elementor-widget__width-initial elementor-widget-tablet_extra__width-initial elementor-widget-tablet__width-initial elementor-widget elementor-widget-heading\" data-id=\"e0a9442\" data-element_type=\"widget\" data-e-type=\"widget\" data-widget_type=\"heading.default\">\n\t\t\t\t\t<h3 class=\"elementor-heading-title elementor-size-default\"><a href=\"https:\/\/docspider.com.br\/en\/atos-normativos\/\">GOVERNANCE REGULATORY ACTS<\/a><\/h3>\t\t\t\t<\/div>\n\t\t\t\t<\/div>\n\t\t<div class=\"elementor-element elementor-element-60fdb28 e-con-full e-flex e-con e-child\" data-id=\"60fdb28\" data-element_type=\"container\" data-e-type=\"container\" data-settings=\"{&quot;background_background&quot;:&quot;classic&quot;}\">\n\t\t\t\t<div class=\"elementor-element elementor-element-2fdaa95 elementor-widget__width-initial elementor-widget elementor-widget-heading\" data-id=\"2fdaa95\" data-element_type=\"widget\" data-e-type=\"widget\" data-widget_type=\"heading.default\">\n\t\t\t\t\t<h3 class=\"elementor-heading-title elementor-size-default\"><a href=\"https:\/\/docspider.com.br\/en\/comites-e-colegiados\/\">COMMITTEE &amp; BOARD MANAGEMENT<\/a><\/h3>\t\t\t\t<\/div>\n\t\t\t\t<\/div>\n\t\t<div class=\"elementor-element elementor-element-1ac67ac e-con-full e-flex e-con e-child\" data-id=\"1ac67ac\" data-element_type=\"container\" data-e-type=\"container\" data-settings=\"{&quot;background_background&quot;:&quot;classic&quot;}\">\n\t\t\t\t<div class=\"elementor-element elementor-element-1b44523 elementor-widget__width-initial elementor-widget elementor-widget-heading\" data-id=\"1b44523\" data-element_type=\"widget\" data-e-type=\"widget\" data-widget_type=\"heading.default\">\n\t\t\t\t\t<h3 class=\"elementor-heading-title elementor-size-default\"><a href=\"https:\/\/docspider.com.br\/en\/documentacao-de-processos\/\">PROCESS DOCUMENTATION MANAGEMENT<\/a><\/h3>\t\t\t\t<\/div>\n\t\t\t\t<\/div>\n\t\t<div class=\"elementor-element elementor-element-f9ac2df e-con-full e-flex e-con e-child\" data-id=\"f9ac2df\" data-element_type=\"container\" data-e-type=\"container\" data-settings=\"{&quot;background_background&quot;:&quot;classic&quot;}\">\n\t\t\t\t<div class=\"elementor-element elementor-element-d297d66 elementor-widget__width-initial elementor-widget elementor-widget-heading\" data-id=\"d297d66\" data-element_type=\"widget\" data-e-type=\"widget\" data-widget_type=\"heading.default\">\n\t\t\t\t\t<h3 class=\"elementor-heading-title elementor-size-default\"><a href=\"https:\/\/docspider.com.br\/en\/assuntos-regulatorios\/\">REGULATORY AFFAIRS MANAGEMENT<\/a><\/h3>\t\t\t\t<\/div>\n\t\t\t\t<\/div>\n\t\t<div class=\"elementor-element elementor-element-f87947a e-con-full e-flex e-con e-child\" data-id=\"f87947a\" data-element_type=\"container\" data-e-type=\"container\" data-settings=\"{&quot;background_background&quot;:&quot;classic&quot;}\">\n\t\t\t\t<div class=\"elementor-element elementor-element-49febec elementor-widget__width-initial elementor-widget elementor-widget-heading\" data-id=\"49febec\" data-element_type=\"widget\" data-e-type=\"widget\" data-widget_type=\"heading.default\">\n\t\t\t\t\t<h3 class=\"elementor-heading-title elementor-size-default\"><a href=\"https:\/\/docspider.com.br\/en\/automacao-de-processos\/\">PROCESS AUTOMATION - BPMS <\/a><\/h3>\t\t\t\t<\/div>\n\t\t\t\t<\/div>\n\t\t\t\t<\/div>\n\t\t\t\t\t<\/div>\n\t\t\t\t<\/div>\n\t\t<div class=\"elementor-element elementor-element-26ca021 e-flex e-con-boxed e-con e-parent\" data-id=\"26ca021\" data-element_type=\"container\" data-e-type=\"container\" data-settings=\"{&quot;background_background&quot;:&quot;classic&quot;}\">\n\t\t\t\t\t<div class=\"e-con-inner\">\n\t\t\t\t<div class=\"elementor-element elementor-element-78f698f elementor-widget__width-initial elementor-widget-mobile__width-inherit elementor-widget-tablet_extra__width-initial elementor-widget-tablet__width-inherit elementor-hidden-mobile elementor-widget elementor-widget-heading\" data-id=\"78f698f\" data-element_type=\"widget\" data-e-type=\"widget\" data-widget_type=\"heading.default\">\n\t\t\t\t\t<h3 class=\"elementor-heading-title elementor-size-default\">DOES YOUR COMPANY REQUIRE COMPLETE SECURITY AND \n\n  <span style=\"background: #ec1b24;color: white;padding: 5px 10px;border-radius: 15px;display: inline-block;margin-bottom: 10px\">RELIABILITY IN MANAGEMENT?<\/span><br>\n <\/h3>\t\t\t\t<\/div>\n\t\t\t\t<div class=\"elementor-element elementor-element-8b6c47a elementor-widget__width-initial elementor-widget-mobile__width-inherit elementor-widget-tablet_extra__width-initial elementor-widget-tablet__width-inherit elementor-hidden-desktop elementor-hidden-laptop elementor-hidden-tablet_extra elementor-hidden-tablet elementor-hidden-mobile_extra elementor-widget elementor-widget-heading\" data-id=\"8b6c47a\" data-element_type=\"widget\" data-e-type=\"widget\" data-widget_type=\"heading.default\">\n\t\t\t\t\t<h3 class=\"elementor-heading-title elementor-size-default\">DOES YOUR COMPANY REQUIRE COMPLETE SECURITY AND \n\n  <span style=\"background: #ec1b24;color: white;padding: 5px 10px;border-radius: 15px;display: inline-block;margin-bottom: 10px\">CONFIABILIDADE NA <\/span>\n  <span style=\"background: #ec1b24;color: white;padding: 5px 10px;border-radius: 15px;display: inline-block;margin-bottom: 10px\">GEST\u00c3O? <\/span>\n<\/br>\n <\/h3>\t\t\t\t<\/div>\n\t\t\t\t<div class=\"elementor-element elementor-element-7478e90 elementor-align-right elementor-tablet-align-center elementor-mobile-align-center elementor-widget elementor-widget-button\" data-id=\"7478e90\" data-element_type=\"widget\" data-e-type=\"widget\" data-widget_type=\"button.default\">\n\t\t\t\t\t\t\t\t\t\t<a class=\"elementor-button elementor-button-link elementor-size-sm\" href=\"https:\/\/docspider.com.br\/en\/fale-conosco\/\">\n\t\t\t\t\t\t<span class=\"elementor-button-content-wrapper\">\n\t\t\t\t\t\t\t\t\t<span class=\"elementor-button-text\">Contact Us<\/span>\n\t\t\t\t\t<\/span>\n\t\t\t\t\t<\/a>\n\t\t\t\t\t\t\t\t<\/div>\n\t\t\t\t\t<\/div>\n\t\t\t\t<\/div>\n\t\t\t\t<\/div>","protected":false},"excerpt":{"rendered":"<p>Governan\u00e7a de Normativos Descomplicada e Inteligente Garanta efici\u00eancia e produtividade no gerenciamento dos instrumentos normativos com alta performance. Garanta efici\u00eancia e produtividade no gerenciamento dos instrumentos normativos com alta performance. SOLICITE UMA APRESENTA\u00c7\u00c3O INSTRUMENTOS NORMATIVOS Em setores altamente regulamentados, como financeiro, seguros e ind\u00fastria e presta\u00e7\u00e3o de servi\u00e7os, nossa solu\u00e7\u00e3o de Instrumentos Normativos, otimizada com [&hellip;]<\/p>\n","protected":false},"author":1,"featured_media":0,"parent":0,"menu_order":2,"comment_status":"closed","ping_status":"closed","template":"elementor_header_footer","meta":{"_seopress_robots_primary_cat":"","_seopress_titles_title":"","_seopress_titles_desc":"","_seopress_robots_index":"","footnotes":""},"class_list":["post-41","page","type-page","status-publish","hentry"],"_links":{"self":[{"href":"https:\/\/docspider.com.br\/en\/wp-json\/wp\/v2\/pages\/41","targetHints":{"allow":["GET"]}}],"collection":[{"href":"https:\/\/docspider.com.br\/en\/wp-json\/wp\/v2\/pages"}],"about":[{"href":"https:\/\/docspider.com.br\/en\/wp-json\/wp\/v2\/types\/page"}],"author":[{"embeddable":true,"href":"https:\/\/docspider.com.br\/en\/wp-json\/wp\/v2\/users\/1"}],"replies":[{"embeddable":true,"href":"https:\/\/docspider.com.br\/en\/wp-json\/wp\/v2\/comments?post=41"}],"version-history":[{"count":221,"href":"https:\/\/docspider.com.br\/en\/wp-json\/wp\/v2\/pages\/41\/revisions"}],"predecessor-version":[{"id":14104,"href":"https:\/\/docspider.com.br\/en\/wp-json\/wp\/v2\/pages\/41\/revisions\/14104"}],"wp:attachment":[{"href":"https:\/\/docspider.com.br\/en\/wp-json\/wp\/v2\/media?parent=41"}],"curies":[{"name":"wp","href":"https:\/\/api.w.org\/{rel}","templated":true}]}}