{"id":42,"date":"2024-10-28T12:54:14","date_gmt":"2024-10-28T15:54:14","guid":{"rendered":"https:\/\/docspider.beondigital.com.br\/?page_id=42"},"modified":"2025-11-18T16:26:04","modified_gmt":"2025-11-18T19:26:04","slug":"atos-normativos","status":"publish","type":"page","link":"https:\/\/docspider.com.br\/en\/atos-normativos\/","title":{"rendered":"Regulatory Acts"},"content":{"rendered":"<div data-elementor-type=\"wp-page\" data-elementor-id=\"42\" class=\"elementor elementor-42\" data-elementor-post-type=\"page\">\n\t\t\t\t<div class=\"elementor-element elementor-element-12852c4 e-flex e-con-boxed e-con e-child\" data-id=\"12852c4\" data-element_type=\"container\" data-e-type=\"container\" data-settings=\"{&quot;background_background&quot;:&quot;classic&quot;}\">\n\t\t\t\t\t<div class=\"e-con-inner\">\n\t\t\t\t<div class=\"elementor-element elementor-element-e731c16 elementor-widget__width-inherit elementor-widget elementor-widget-heading\" data-id=\"e731c16\" data-element_type=\"widget\" data-e-type=\"widget\" id=\"titulo-dinamico\" data-widget_type=\"heading.default\">\n\t\t\t\t\t<h1 class=\"elementor-heading-title elementor-size-default\">Regulatory Acts<\/h1>\t\t\t\t<\/div>\n\t\t\t\t<div class=\"elementor-element elementor-element-cb40e63 elementor-widget__width-initial elementor-widget-mobile__width-inherit elementor-hidden-mobile elementor-widget elementor-widget-heading\" data-id=\"cb40e63\" data-element_type=\"widget\" data-e-type=\"widget\" id=\"titulo-linhas\" data-widget_type=\"heading.default\">\n\t\t\t\t\t<h2 class=\"elementor-heading-title elementor-size-default\">Optimized processes, reliability, security, and performance in regulatory management.<\/h2>\t\t\t\t<\/div>\n\t\t\t\t<div class=\"elementor-element elementor-element-421bda3 elementor-widget__width-initial elementor-widget-mobile__width-inherit elementor-hidden-desktop elementor-hidden-laptop elementor-hidden-tablet_extra elementor-hidden-tablet elementor-hidden-mobile_extra elementor-widget elementor-widget-heading\" data-id=\"421bda3\" data-element_type=\"widget\" data-e-type=\"widget\" id=\"titulo-linhas-especial58\" data-widget_type=\"heading.default\">\n\t\t\t\t\t<h2 class=\"elementor-heading-title elementor-size-default\">Optimized processes, reliability, security, and performance in regulatory management.<\/h2>\t\t\t\t<\/div>\n\t\t\t\t<div class=\"elementor-element elementor-element-a353c63 elementor-align-center elementor-widget elementor-widget-button\" data-id=\"a353c63\" data-element_type=\"widget\" data-e-type=\"widget\" data-widget_type=\"button.default\">\n\t\t\t\t\t\t\t\t\t\t<a class=\"elementor-button elementor-button-link elementor-size-sm\" href=\"https:\/\/docspider.com.br\/en\/fale-conosco\/\">\n\t\t\t\t\t\t<span class=\"elementor-button-content-wrapper\">\n\t\t\t\t\t\t\t\t\t<span class=\"elementor-button-text\">Request an introduction<\/span>\n\t\t\t\t\t<\/span>\n\t\t\t\t\t<\/a>\n\t\t\t\t\t\t\t\t<\/div>\n\t\t\t\t\t<\/div>\n\t\t\t\t<\/div>\n\t\t<div class=\"elementor-element elementor-element-b9362aa e-flex e-con-boxed e-con e-parent\" data-id=\"b9362aa\" data-element_type=\"container\" data-e-type=\"container\" data-settings=\"{&quot;background_background&quot;:&quot;classic&quot;}\">\n\t\t\t\t\t<div class=\"e-con-inner\">\n\t\t\t\t<div class=\"elementor-element elementor-element-733155f elementor-widget__width-auto elementor-widget elementor-widget-heading\" data-id=\"733155f\" data-element_type=\"widget\" data-e-type=\"widget\" data-widget_type=\"heading.default\">\n\t\t\t\t\t<h2 class=\"elementor-heading-title elementor-size-default\">\nREGULATORY ACTS<\/h2>\t\t\t\t<\/div>\n\t\t\t\t<div class=\"elementor-element elementor-element-70e901d elementor-widget-divider--view-line elementor-widget elementor-widget-divider\" data-id=\"70e901d\" data-element_type=\"widget\" data-e-type=\"widget\" data-widget_type=\"divider.default\">\n\t\t\t\t\t\t\t<div class=\"elementor-divider\">\n\t\t\t<span class=\"elementor-divider-separator\">\n\t\t\t\t\t\t<\/span>\n\t\t<\/div>\n\t\t\t\t\t\t<\/div>\n\t\t\t\t<div class=\"elementor-element elementor-element-f676a76 elementor-widget elementor-widget-text-editor\" data-id=\"f676a76\" data-element_type=\"widget\" data-e-type=\"widget\" data-widget_type=\"text-editor.default\">\n\t\t\t\t\t\t\t\t\t<p>In the sphere of public entities, mixed-capital companies, and private organizations, such as companies and financial institutions, the effective management of regulatory acts is a crucial part of governance. Our Regulatory Management solution allows you to systematize and manage ordinances, resolutions, internal policies, regulations, and technical standards, ensuring that your institution remains compliant with current guidelines and standards. With our tool, you simplify the process of updating standards, preventing regulatory conflicts and maintaining regulatory clarity.<\/p>\t\t\t\t\t\t\t\t<\/div>\n\t\t\t\t\t<\/div>\n\t\t\t\t<\/div>\n\t\t<div class=\"elementor-element elementor-element-c479930 e-con-full e-flex e-con e-parent\" data-id=\"c479930\" data-element_type=\"container\" data-e-type=\"container\">\n\t\t<div class=\"elementor-element elementor-element-a0ec9e1 e-flex e-con-boxed e-con e-child\" data-id=\"a0ec9e1\" data-element_type=\"container\" data-e-type=\"container\" data-settings=\"{&quot;background_background&quot;:&quot;classic&quot;}\">\n\t\t\t\t\t<div class=\"e-con-inner\">\n\t\t<div class=\"elementor-element elementor-element-3b5556b e-con-full e-flex e-con e-child\" data-id=\"3b5556b\" data-element_type=\"container\" data-e-type=\"container\">\n\t\t\t\t<div class=\"elementor-element elementor-element-59d4498 elementor-view-default elementor-widget elementor-widget-icon\" data-id=\"59d4498\" data-element_type=\"widget\" data-e-type=\"widget\" data-widget_type=\"icon.default\">\n\t\t\t\t\t\t\t<div class=\"elementor-icon-wrapper\">\n\t\t\t<div class=\"elementor-icon\">\n\t\t\t<svg xmlns=\"http:\/\/www.w3.org\/2000\/svg\" width=\"180\" height=\"263\" viewbox=\"0 0 180 263\" fill=\"none\"><g clip-path=\"url(#clip0_77_2)\"><path d=\"M88.28 60.28V113.93L122.82 133.37L122.85 175.79L179.59 204.45V28.06L123.87 0V80L88.28 60.28Z\" fill=\"url(#paint0_linear_77_2)\"><\/path><path d=\"M83.92 60.42V113.99L48.61 133.92L48.65 176.48L0.27 206.14L0 109.35L83.92 60.42Z\" fill=\"url(#paint1_linear_77_2)\"><\/path><path d=\"M50.9 179.65L2.17004 210.48L86.53 262.25L177.42 207.43L121.67 179.34L86.83 199.84L50.9 179.65Z\" fill=\"url(#paint2_linear_77_2)\"><\/path><\/g><defs><lineargradient id=\"paint0_linear_77_2\" x1=\"88.28\" y1=\"102.23\" x2=\"179.59\" y2=\"102.23\" gradientunits=\"userSpaceOnUse\"><stop stop-color=\"#0094D9\"><\/stop><stop offset=\"0.2\" stop-color=\"#018DD3\"><\/stop><stop offset=\"0.48\" stop-color=\"#077AC5\"><\/stop><stop offset=\"0.81\" stop-color=\"#105CAD\"><\/stop><stop offset=\"1\" stop-color=\"#17479D\"><\/stop><\/lineargradient><lineargradient id=\"paint1_linear_77_2\" x1=\"0\" y1=\"133.28\" x2=\"83.92\" y2=\"133.28\" gradientunits=\"userSpaceOnUse\"><stop stop-color=\"#0094D9\"><\/stop><stop offset=\"0.2\" stop-color=\"#018DD3\"><\/stop><stop offset=\"0.48\" stop-color=\"#077AC5\"><\/stop><stop offset=\"0.81\" stop-color=\"#105CAD\"><\/stop><stop offset=\"1\" stop-color=\"#17479D\"><\/stop><\/lineargradient><lineargradient id=\"paint2_linear_77_2\" x1=\"2.17004\" y1=\"220.8\" x2=\"177.42\" y2=\"220.8\" gradientunits=\"userSpaceOnUse\"><stop stop-color=\"#0094D9\"><\/stop><stop offset=\"0.2\" stop-color=\"#018DD3\"><\/stop><stop offset=\"0.48\" stop-color=\"#077AC5\"><\/stop><stop offset=\"0.81\" stop-color=\"#105CAD\"><\/stop><stop offset=\"1\" stop-color=\"#17479D\"><\/stop><\/lineargradient><clippath id=\"clip0_77_2\"><rect width=\"179.59\" height=\"262.25\" fill=\"white\"><\/rect><\/clippath><\/defs><\/svg>\t\t\t<\/div>\n\t\t<\/div>\n\t\t\t\t\t\t<\/div>\n\t\t\t\t<div class=\"elementor-element elementor-element-e5e6190 elementor-widget elementor-widget-text-editor\" data-id=\"e5e6190\" data-element_type=\"widget\" data-e-type=\"widget\" data-widget_type=\"text-editor.default\">\n\t\t\t\t\t\t\t\t\t<p>Our solution offers configurable processes that streamline the submission of documents to approval committees, ensuring a dynamic and efficient workflow. In addition, documents are versionable, enabling detailed tracking of changes during review and after publication, ensuring that all modifications are carefully managed and audited. With the integration of artificial intelligence, our platform can also answer questions based on your organization's documents, enabling even more accurate and transparent control, meeting strict accountability demands.<\/p>\t\t\t\t\t\t\t\t<\/div>\n\t\t\t\t<\/div>\n\t\t\t\t\t<\/div>\n\t\t\t\t<\/div>\n\t\t<div class=\"elementor-element elementor-element-ff3bdc8 e-flex e-con-boxed e-con e-child\" data-id=\"ff3bdc8\" data-element_type=\"container\" data-e-type=\"container\" data-settings=\"{&quot;background_background&quot;:&quot;classic&quot;}\">\n\t\t\t\t\t<div class=\"e-con-inner\">\n\t\t<div class=\"elementor-element elementor-element-272aa07 e-con-full e-flex e-con e-child\" data-id=\"272aa07\" data-element_type=\"container\" data-e-type=\"container\">\n\t\t\t\t<div class=\"elementor-element elementor-element-7134c15 elementor-view-default elementor-widget elementor-widget-icon\" data-id=\"7134c15\" data-element_type=\"widget\" data-e-type=\"widget\" data-widget_type=\"icon.default\">\n\t\t\t\t\t\t\t<div class=\"elementor-icon-wrapper\">\n\t\t\t<div class=\"elementor-icon\">\n\t\t\t<svg xmlns=\"http:\/\/www.w3.org\/2000\/svg\" width=\"180\" height=\"263\" viewbox=\"0 0 180 263\" fill=\"none\"><g clip-path=\"url(#clip0_77_2)\"><path d=\"M88.28 60.28V113.93L122.82 133.37L122.85 175.79L179.59 204.45V28.06L123.87 0V80L88.28 60.28Z\" fill=\"url(#paint0_linear_77_2)\"><\/path><path d=\"M83.92 60.42V113.99L48.61 133.92L48.65 176.48L0.27 206.14L0 109.35L83.92 60.42Z\" fill=\"url(#paint1_linear_77_2)\"><\/path><path d=\"M50.9 179.65L2.17004 210.48L86.53 262.25L177.42 207.43L121.67 179.34L86.83 199.84L50.9 179.65Z\" fill=\"url(#paint2_linear_77_2)\"><\/path><\/g><defs><lineargradient id=\"paint0_linear_77_2\" x1=\"88.28\" y1=\"102.23\" x2=\"179.59\" y2=\"102.23\" gradientunits=\"userSpaceOnUse\"><stop stop-color=\"#0094D9\"><\/stop><stop offset=\"0.2\" stop-color=\"#018DD3\"><\/stop><stop offset=\"0.48\" stop-color=\"#077AC5\"><\/stop><stop offset=\"0.81\" stop-color=\"#105CAD\"><\/stop><stop offset=\"1\" stop-color=\"#17479D\"><\/stop><\/lineargradient><lineargradient id=\"paint1_linear_77_2\" x1=\"0\" y1=\"133.28\" x2=\"83.92\" y2=\"133.28\" gradientunits=\"userSpaceOnUse\"><stop stop-color=\"#0094D9\"><\/stop><stop offset=\"0.2\" stop-color=\"#018DD3\"><\/stop><stop offset=\"0.48\" stop-color=\"#077AC5\"><\/stop><stop offset=\"0.81\" stop-color=\"#105CAD\"><\/stop><stop offset=\"1\" stop-color=\"#17479D\"><\/stop><\/lineargradient><lineargradient id=\"paint2_linear_77_2\" x1=\"2.17004\" y1=\"220.8\" x2=\"177.42\" y2=\"220.8\" gradientunits=\"userSpaceOnUse\"><stop stop-color=\"#0094D9\"><\/stop><stop offset=\"0.2\" stop-color=\"#018DD3\"><\/stop><stop offset=\"0.48\" stop-color=\"#077AC5\"><\/stop><stop offset=\"0.81\" stop-color=\"#105CAD\"><\/stop><stop offset=\"1\" stop-color=\"#17479D\"><\/stop><\/lineargradient><clippath id=\"clip0_77_2\"><rect width=\"179.59\" height=\"262.25\" fill=\"white\"><\/rect><\/clippath><\/defs><\/svg>\t\t\t<\/div>\n\t\t<\/div>\n\t\t\t\t\t\t<\/div>\n\t\t\t\t<div class=\"elementor-element elementor-element-818165a elementor-widget elementor-widget-text-editor\" data-id=\"818165a\" data-element_type=\"widget\" data-e-type=\"widget\" data-widget_type=\"text-editor.default\">\n\t\t\t\t\t\t\t\t\t<p>With the aid of automation, technological innovations, and AI, the complexity of regulatory management is reduced, ensuring continuous compliance and promoting greater transparency and efficiency in the administration of any type of organization. Transform regulatory compliance management into a streamlined and simplified process with our solution, specially designed to address the regulatory challenges of various industries.<\/p>\t\t\t\t\t\t\t\t<\/div>\n\t\t\t\t<\/div>\n\t\t\t\t\t<\/div>\n\t\t\t\t<\/div>\n\t\t\t\t<\/div>\n\t\t<div class=\"elementor-element elementor-element-20ae785 e-flex e-con-boxed e-con e-parent\" data-id=\"20ae785\" data-element_type=\"container\" data-e-type=\"container\" data-settings=\"{&quot;background_background&quot;:&quot;classic&quot;}\">\n\t\t\t\t\t<div class=\"e-con-inner\">\n\t\t<div class=\"elementor-element elementor-element-20f6b56 e-con-full e-flex e-con e-child\" data-id=\"20f6b56\" data-element_type=\"container\" data-e-type=\"container\">\n\t\t\t\t<div class=\"elementor-element elementor-element-dd4743b elementor-widget__width-auto elementor-widget-mobile__width-inherit elementor-widget elementor-widget-heading\" data-id=\"dd4743b\" data-element_type=\"widget\" data-e-type=\"widget\" data-widget_type=\"heading.default\">\n\t\t\t\t\t<h3 class=\"elementor-heading-title elementor-size-default\">CHECK OUT OUR <\/BR>SUCCESS STORIES\n<\/h3>\t\t\t\t<\/div>\n\t\t\t\t<div class=\"elementor-element elementor-element-fc46de0 elementor-align-right elementor-tablet-align-center elementor-mobile-align-center elementor-widget elementor-widget-button\" data-id=\"fc46de0\" data-element_type=\"widget\" data-e-type=\"widget\" data-widget_type=\"button.default\">\n\t\t\t\t\t\t\t\t\t\t<a class=\"elementor-button elementor-button-link elementor-size-sm\" href=\"https:\/\/docspider.com.br\/en\/fale-conosco\/\">\n\t\t\t\t\t\t<span class=\"elementor-button-content-wrapper\">\n\t\t\t\t\t\t\t\t\t<span class=\"elementor-button-text\">REQUEST AN INTRODUCTION<\/span>\n\t\t\t\t\t<\/span>\n\t\t\t\t\t<\/a>\n\t\t\t\t\t\t\t\t<\/div>\n\t\t\t\t<\/div>\n\t\t\t\t\t<\/div>\n\t\t\t\t<\/div>\n\t\t<div class=\"elementor-element elementor-element-d0baae1 e-flex e-con-boxed e-con e-parent\" data-id=\"d0baae1\" data-element_type=\"container\" data-e-type=\"container\">\n\t\t\t\t\t<div class=\"e-con-inner\">\n\t\t\t\t<div class=\"elementor-element elementor-element-38f3636 elementor-widget__width-inherit elementor-widget elementor-widget-heading\" data-id=\"38f3636\" data-element_type=\"widget\" data-e-type=\"widget\" data-widget_type=\"heading.default\">\n\t\t\t\t\t<h2 class=\"elementor-heading-title elementor-size-default\">OTHER SOLUTIONS<\/h2>\t\t\t\t<\/div>\n\t\t\t\t<div class=\"elementor-element elementor-element-7d32b4f elementor-widget-divider--view-line elementor-widget elementor-widget-divider\" data-id=\"7d32b4f\" data-element_type=\"widget\" data-e-type=\"widget\" data-widget_type=\"divider.default\">\n\t\t\t\t\t\t\t<div class=\"elementor-divider\">\n\t\t\t<span class=\"elementor-divider-separator\">\n\t\t\t\t\t\t<\/span>\n\t\t<\/div>\n\t\t\t\t\t\t<\/div>\n\t\t<div class=\"elementor-element elementor-element-43f8479 e-grid e-con-full e-con e-child\" data-id=\"43f8479\" data-element_type=\"container\" data-e-type=\"container\">\n\t\t<div class=\"elementor-element elementor-element-fa63555 e-con-full e-flex e-con e-child\" data-id=\"fa63555\" data-element_type=\"container\" data-e-type=\"container\" data-settings=\"{&quot;background_background&quot;:&quot;classic&quot;}\">\n\t\t\t\t<div class=\"elementor-element elementor-element-1f2efb4 elementor-widget__width-initial elementor-widget elementor-widget-heading\" data-id=\"1f2efb4\" data-element_type=\"widget\" data-e-type=\"widget\" data-widget_type=\"heading.default\">\n\t\t\t\t\t<h3 class=\"elementor-heading-title elementor-size-default\"><a href=\"https:\/\/docspider.com.br\/en\/instrumentos-normativos\/\">GOVERNANCE REGULATORY INSTRUMENTS<\/a><\/h3>\t\t\t\t<\/div>\n\t\t\t\t<\/div>\n\t\t<div class=\"elementor-element elementor-element-4b295f5 e-con-full e-flex e-con e-child\" data-id=\"4b295f5\" data-element_type=\"container\" data-e-type=\"container\" data-settings=\"{&quot;background_background&quot;:&quot;classic&quot;}\">\n\t\t\t\t<div class=\"elementor-element elementor-element-f8ed135 elementor-widget__width-initial elementor-widget elementor-widget-heading\" data-id=\"f8ed135\" data-element_type=\"widget\" data-e-type=\"widget\" data-widget_type=\"heading.default\">\n\t\t\t\t\t<h3 class=\"elementor-heading-title elementor-size-default\"><a href=\"https:\/\/docspider.com.br\/en\/comites-e-colegiados\/\">COMMITTEE &amp; BOARD MANAGEMENT<\/a><\/h3>\t\t\t\t<\/div>\n\t\t\t\t<\/div>\n\t\t<div class=\"elementor-element elementor-element-16e35f4 e-con-full e-flex e-con e-child\" data-id=\"16e35f4\" data-element_type=\"container\" data-e-type=\"container\" data-settings=\"{&quot;background_background&quot;:&quot;classic&quot;}\">\n\t\t\t\t<div class=\"elementor-element elementor-element-50e7037 elementor-widget__width-initial elementor-widget elementor-widget-heading\" data-id=\"50e7037\" data-element_type=\"widget\" data-e-type=\"widget\" data-widget_type=\"heading.default\">\n\t\t\t\t\t<h3 class=\"elementor-heading-title elementor-size-default\"><a href=\"https:\/\/docspider.com.br\/en\/documentacao-de-processos\/\">PROCESS DOCUMENTATION MANAGEMENT<\/a><\/h3>\t\t\t\t<\/div>\n\t\t\t\t<\/div>\n\t\t<div class=\"elementor-element elementor-element-ad8565d e-con-full e-flex e-con e-child\" data-id=\"ad8565d\" data-element_type=\"container\" data-e-type=\"container\" data-settings=\"{&quot;background_background&quot;:&quot;classic&quot;}\">\n\t\t\t\t<div class=\"elementor-element elementor-element-e2d61a3 elementor-widget__width-initial elementor-widget elementor-widget-heading\" data-id=\"e2d61a3\" data-element_type=\"widget\" data-e-type=\"widget\" data-widget_type=\"heading.default\">\n\t\t\t\t\t<h3 class=\"elementor-heading-title elementor-size-default\"><a href=\"https:\/\/docspider.com.br\/en\/assuntos-regulatorios\/\">REGULATORY AFFAIRS MANAGEMENT<\/a><\/h3>\t\t\t\t<\/div>\n\t\t\t\t<\/div>\n\t\t<div class=\"elementor-element elementor-element-82cb9d9 e-con-full e-flex e-con e-child\" data-id=\"82cb9d9\" data-element_type=\"container\" data-e-type=\"container\" data-settings=\"{&quot;background_background&quot;:&quot;classic&quot;}\">\n\t\t\t\t<div class=\"elementor-element elementor-element-cc68e15 elementor-widget__width-initial elementor-widget elementor-widget-heading\" data-id=\"cc68e15\" data-element_type=\"widget\" data-e-type=\"widget\" data-widget_type=\"heading.default\">\n\t\t\t\t\t<h3 class=\"elementor-heading-title elementor-size-default\"><a href=\"https:\/\/docspider.com.br\/en\/automacao-de-processos\/\">PROCESS AUTOMATION - BPMS <\/a><\/h3>\t\t\t\t<\/div>\n\t\t\t\t<\/div>\n\t\t\t\t<\/div>\n\t\t\t\t\t<\/div>\n\t\t\t\t<\/div>\n\t\t<div class=\"elementor-element elementor-element-c50dd65 e-flex e-con-boxed e-con e-parent\" data-id=\"c50dd65\" data-element_type=\"container\" data-e-type=\"container\" data-settings=\"{&quot;background_background&quot;:&quot;classic&quot;}\">\n\t\t\t\t\t<div class=\"e-con-inner\">\n\t\t\t\t<div class=\"elementor-element elementor-element-c3fafa6 elementor-widget__width-initial elementor-widget-mobile__width-inherit elementor-widget-tablet_extra__width-initial elementor-widget-tablet__width-inherit elementor-hidden-mobile elementor-widget elementor-widget-heading\" data-id=\"c3fafa6\" data-element_type=\"widget\" data-e-type=\"widget\" data-widget_type=\"heading.default\">\n\t\t\t\t\t<h3 class=\"elementor-heading-title elementor-size-default\">\n\n<span style=\"background: #ec1b24;color: white;padding: 5px 10px;border-radius: 15px;display: inline-block;margin-bottom: 10px\">Reduce regulatory complexity<\/span><br> effectively\u00a0and\u00a0precisely!\n <\/h3>\t\t\t\t<\/div>\n\t\t\t\t<div class=\"elementor-element elementor-element-ceeab6a elementor-widget__width-initial elementor-widget-mobile__width-inherit elementor-widget-tablet_extra__width-initial elementor-widget-tablet__width-inherit elementor-hidden-desktop elementor-hidden-laptop elementor-hidden-tablet_extra elementor-hidden-tablet elementor-hidden-mobile_extra elementor-widget elementor-widget-heading\" data-id=\"ceeab6a\" data-element_type=\"widget\" data-e-type=\"widget\" data-widget_type=\"heading.default\">\n\t\t\t\t\t<h3 class=\"elementor-heading-title elementor-size-default\">\n\n<span style=\"background: #ec1b24;color: white;padding: 5px 10px;border-radius: 15px;display: inline-block;margin-bottom: 10px\">Reduza a<\/span><br> \n \n<span style=\"background: #ec1b24;color: white;padding: 5px 10px;border-radius: 15px;display: inline-block;margin-bottom: 10px\">complexidade <\/span><br> \n\n<span style=\"background: #ec1b24;color: white;padding: 5px 10px;border-radius: 15px;display: inline-block;margin-bottom: 10px\">regulat\u00f3ria<\/span><br> de forma eficaz!\n <\/h3>\t\t\t\t<\/div>\n\t\t\t\t<div class=\"elementor-element elementor-element-a5d4936 elementor-align-right elementor-tablet-align-center elementor-mobile-align-center elementor-widget elementor-widget-button\" data-id=\"a5d4936\" data-element_type=\"widget\" data-e-type=\"widget\" data-widget_type=\"button.default\">\n\t\t\t\t\t\t\t\t\t\t<a class=\"elementor-button elementor-button-link elementor-size-sm\" href=\"https:\/\/docspider.com.br\/en\/fale-conosco\/\">\n\t\t\t\t\t\t<span class=\"elementor-button-content-wrapper\">\n\t\t\t\t\t\t\t\t\t<span class=\"elementor-button-text\">Contact Us<\/span>\n\t\t\t\t\t<\/span>\n\t\t\t\t\t<\/a>\n\t\t\t\t\t\t\t\t<\/div>\n\t\t\t\t\t<\/div>\n\t\t\t\t<\/div>\n\t\t\t\t<\/div>","protected":false},"excerpt":{"rendered":"<p>Atos Normativos Processos otimizados, confiabilidade, seguran\u00e7a e performance na gest\u00e3o de atos normativos. Processos otimizados, confiabilidade, seguran\u00e7a e performance na gest\u00e3o de atos normativos. SOLICITE UMA APRESENTA\u00c7\u00c3O ATOS NORMATIVOS Na esfera das entidades p\u00fablicas, sociedades de economia mista e organiza\u00e7\u00f5es privadas, como empresas e institui\u00e7\u00f5es financeiras, a gest\u00e3o efetiva dos atos normativos \u00e9 um componente [&hellip;]<\/p>\n","protected":false},"author":1,"featured_media":0,"parent":0,"menu_order":3,"comment_status":"closed","ping_status":"closed","template":"elementor_header_footer","meta":{"_seopress_robots_primary_cat":"","_seopress_titles_title":"","_seopress_titles_desc":"","_seopress_robots_index":"","footnotes":""},"class_list":["post-42","page","type-page","status-publish","hentry"],"_links":{"self":[{"href":"https:\/\/docspider.com.br\/en\/wp-json\/wp\/v2\/pages\/42","targetHints":{"allow":["GET"]}}],"collection":[{"href":"https:\/\/docspider.com.br\/en\/wp-json\/wp\/v2\/pages"}],"about":[{"href":"https:\/\/docspider.com.br\/en\/wp-json\/wp\/v2\/types\/page"}],"author":[{"embeddable":true,"href":"https:\/\/docspider.com.br\/en\/wp-json\/wp\/v2\/users\/1"}],"replies":[{"embeddable":true,"href":"https:\/\/docspider.com.br\/en\/wp-json\/wp\/v2\/comments?post=42"}],"version-history":[{"count":125,"href":"https:\/\/docspider.com.br\/en\/wp-json\/wp\/v2\/pages\/42\/revisions"}],"predecessor-version":[{"id":14107,"href":"https:\/\/docspider.com.br\/en\/wp-json\/wp\/v2\/pages\/42\/revisions\/14107"}],"wp:attachment":[{"href":"https:\/\/docspider.com.br\/en\/wp-json\/wp\/v2\/media?parent=42"}],"curies":[{"name":"wp","href":"https:\/\/api.w.org\/{rel}","templated":true}]}}