{"id":43,"date":"2024-10-28T12:54:14","date_gmt":"2024-10-28T15:54:14","guid":{"rendered":"https:\/\/docspider.beondigital.com.br\/?page_id=43"},"modified":"2025-11-18T16:25:20","modified_gmt":"2025-11-18T19:25:20","slug":"documentacao-de-processos","status":"publish","type":"page","link":"https:\/\/docspider.com.br\/en\/documentacao-de-processos\/","title":{"rendered":"Process Documentation Management"},"content":{"rendered":"<div data-elementor-type=\"wp-page\" data-elementor-id=\"43\" class=\"elementor elementor-43\" data-elementor-post-type=\"page\">\n\t\t\t\t<div class=\"elementor-element elementor-element-2f02ca4 e-flex e-con-boxed e-con e-child\" data-id=\"2f02ca4\" data-element_type=\"container\" data-e-type=\"container\" data-settings=\"{&quot;background_background&quot;:&quot;classic&quot;}\">\n\t\t\t\t\t<div class=\"e-con-inner\">\n\t\t\t\t<div class=\"elementor-element elementor-element-f634470 elementor-widget__width-initial elementor-widget elementor-widget-heading\" data-id=\"f634470\" data-element_type=\"widget\" data-e-type=\"widget\" id=\"titulo-dinamico\" data-widget_type=\"heading.default\">\n\t\t\t\t\t<h1 class=\"elementor-heading-title elementor-size-default\">Process Documentation Management <\/h1>\t\t\t\t<\/div>\n\t\t\t\t<div class=\"elementor-element elementor-element-6dbc45f elementor-widget__width-initial elementor-widget-mobile__width-inherit elementor-hidden-mobile elementor-widget elementor-widget-heading\" data-id=\"6dbc45f\" data-element_type=\"widget\" data-e-type=\"widget\" id=\"titulo-linhas-4\" data-widget_type=\"heading.default\">\n\t\t\t\t\t<h2 class=\"elementor-heading-title elementor-size-default\">Effective lifecycle management, by value chain, macro processes, processes, and related documents<\/h2>\t\t\t\t<\/div>\n\t\t\t\t<div class=\"elementor-element elementor-element-2ad8900 elementor-widget__width-initial elementor-widget-mobile__width-inherit elementor-hidden-desktop elementor-hidden-laptop elementor-hidden-tablet_extra elementor-hidden-tablet elementor-hidden-mobile_extra elementor-widget elementor-widget-heading\" data-id=\"2ad8900\" data-element_type=\"widget\" data-e-type=\"widget\" id=\"titulo-linhas-especial93\" data-widget_type=\"heading.default\">\n\t\t\t\t\t<h2 class=\"elementor-heading-title elementor-size-default\">Effective lifecycle management, by value chain, macro processes, processes, and related documents<\/h2>\t\t\t\t<\/div>\n\t\t\t\t<div class=\"elementor-element elementor-element-6b801bb elementor-align-center elementor-widget elementor-widget-button\" data-id=\"6b801bb\" data-element_type=\"widget\" data-e-type=\"widget\" data-widget_type=\"button.default\">\n\t\t\t\t\t\t\t\t\t\t<a class=\"elementor-button elementor-button-link elementor-size-sm\" href=\"https:\/\/docspider.com.br\/en\/fale-conosco\/\">\n\t\t\t\t\t\t<span class=\"elementor-button-content-wrapper\">\n\t\t\t\t\t\t\t\t\t<span class=\"elementor-button-text\">Request an introduction<\/span>\n\t\t\t\t\t<\/span>\n\t\t\t\t\t<\/a>\n\t\t\t\t\t\t\t\t<\/div>\n\t\t\t\t\t<\/div>\n\t\t\t\t<\/div>\n\t\t<div class=\"elementor-element elementor-element-13760d06 e-flex e-con-boxed e-con e-parent\" data-id=\"13760d06\" data-element_type=\"container\" data-e-type=\"container\" data-settings=\"{&quot;background_background&quot;:&quot;classic&quot;}\">\n\t\t\t\t\t<div class=\"e-con-inner\">\n\t\t\t\t<div class=\"elementor-element elementor-element-25b0ab2d elementor-widget__width-auto elementor-widget elementor-widget-heading\" data-id=\"25b0ab2d\" data-element_type=\"widget\" data-e-type=\"widget\" data-widget_type=\"heading.default\">\n\t\t\t\t\t<h2 class=\"elementor-heading-title elementor-size-default\">PROCESS DOCUMENTATION MANAGEMENT<\/h2>\t\t\t\t<\/div>\n\t\t\t\t<div class=\"elementor-element elementor-element-1242a993 elementor-widget-divider--view-line elementor-widget elementor-widget-divider\" data-id=\"1242a993\" data-element_type=\"widget\" data-e-type=\"widget\" data-widget_type=\"divider.default\">\n\t\t\t\t\t\t\t<div class=\"elementor-divider\">\n\t\t\t<span class=\"elementor-divider-separator\">\n\t\t\t\t\t\t<\/span>\n\t\t<\/div>\n\t\t\t\t\t\t<\/div>\n\t\t\t\t<div class=\"elementor-element elementor-element-39f461e2 elementor-widget elementor-widget-text-editor\" data-id=\"39f461e2\" data-element_type=\"widget\" data-e-type=\"widget\" data-widget_type=\"text-editor.default\">\n\t\t\t\t\t\t\t\t\t<p>Our process documentation management solution is designed to offer complete control over process documentation, with a comprehensive view of the macro-processes and value chain that make up your organization. Unlike other solutions that focus on mapping and flowcharts, our software focuses on documentation, process lifecycle versioning, and strategic overview of process groups and activity lists. This approach integrates indicators that are essential for any company seeking efficiency and effectiveness in managing the life cycle of processes and related documentation.<\/p>\t\t\t\t\t\t\t\t<\/div>\n\t\t\t\t\t<\/div>\n\t\t\t\t<\/div>\n\t\t<div class=\"elementor-element elementor-element-5acacfe2 e-con-full e-flex e-con e-parent\" data-id=\"5acacfe2\" data-element_type=\"container\" data-e-type=\"container\">\n\t\t<div class=\"elementor-element elementor-element-2c62ff04 e-flex e-con-boxed e-con e-child\" data-id=\"2c62ff04\" data-element_type=\"container\" data-e-type=\"container\" data-settings=\"{&quot;background_background&quot;:&quot;classic&quot;}\">\n\t\t\t\t\t<div class=\"e-con-inner\">\n\t\t<div class=\"elementor-element elementor-element-1e6423a e-con-full e-flex e-con e-child\" data-id=\"1e6423a\" data-element_type=\"container\" data-e-type=\"container\">\n\t\t\t\t<div class=\"elementor-element elementor-element-fbb6acf elementor-view-default elementor-widget elementor-widget-icon\" data-id=\"fbb6acf\" data-element_type=\"widget\" data-e-type=\"widget\" data-widget_type=\"icon.default\">\n\t\t\t\t\t\t\t<div class=\"elementor-icon-wrapper\">\n\t\t\t<div class=\"elementor-icon\">\n\t\t\t<svg xmlns=\"http:\/\/www.w3.org\/2000\/svg\" width=\"180\" height=\"263\" viewbox=\"0 0 180 263\" fill=\"none\"><g clip-path=\"url(#clip0_77_2)\"><path d=\"M88.28 60.28V113.93L122.82 133.37L122.85 175.79L179.59 204.45V28.06L123.87 0V80L88.28 60.28Z\" fill=\"url(#paint0_linear_77_2)\"><\/path><path d=\"M83.92 60.42V113.99L48.61 133.92L48.65 176.48L0.27 206.14L0 109.35L83.92 60.42Z\" fill=\"url(#paint1_linear_77_2)\"><\/path><path d=\"M50.9 179.65L2.17004 210.48L86.53 262.25L177.42 207.43L121.67 179.34L86.83 199.84L50.9 179.65Z\" fill=\"url(#paint2_linear_77_2)\"><\/path><\/g><defs><lineargradient id=\"paint0_linear_77_2\" x1=\"88.28\" y1=\"102.23\" x2=\"179.59\" y2=\"102.23\" gradientunits=\"userSpaceOnUse\"><stop stop-color=\"#0094D9\"><\/stop><stop offset=\"0.2\" stop-color=\"#018DD3\"><\/stop><stop offset=\"0.48\" stop-color=\"#077AC5\"><\/stop><stop offset=\"0.81\" stop-color=\"#105CAD\"><\/stop><stop offset=\"1\" stop-color=\"#17479D\"><\/stop><\/lineargradient><lineargradient id=\"paint1_linear_77_2\" x1=\"0\" y1=\"133.28\" x2=\"83.92\" y2=\"133.28\" gradientunits=\"userSpaceOnUse\"><stop stop-color=\"#0094D9\"><\/stop><stop offset=\"0.2\" stop-color=\"#018DD3\"><\/stop><stop offset=\"0.48\" stop-color=\"#077AC5\"><\/stop><stop offset=\"0.81\" stop-color=\"#105CAD\"><\/stop><stop offset=\"1\" stop-color=\"#17479D\"><\/stop><\/lineargradient><lineargradient id=\"paint2_linear_77_2\" x1=\"2.17004\" y1=\"220.8\" x2=\"177.42\" y2=\"220.8\" gradientunits=\"userSpaceOnUse\"><stop stop-color=\"#0094D9\"><\/stop><stop offset=\"0.2\" stop-color=\"#018DD3\"><\/stop><stop offset=\"0.48\" stop-color=\"#077AC5\"><\/stop><stop offset=\"0.81\" stop-color=\"#105CAD\"><\/stop><stop offset=\"1\" stop-color=\"#17479D\"><\/stop><\/lineargradient><clippath id=\"clip0_77_2\"><rect width=\"179.59\" height=\"262.25\" fill=\"white\"><\/rect><\/clippath><\/defs><\/svg>\t\t\t<\/div>\n\t\t<\/div>\n\t\t\t\t\t\t<\/div>\n\t\t\t\t<div class=\"elementor-element elementor-element-757c7c76 elementor-widget elementor-widget-text-editor\" data-id=\"757c7c76\" data-element_type=\"widget\" data-e-type=\"widget\" data-widget_type=\"text-editor.default\">\n\t\t\t\t\t\t\t\t\t<p>The system provides a structured view by value chain and macroprocess, facilitating access and management of documentation through intelligent indexes linked to the documents. These indexes improve efficiency and clarity in the analysis of process information. In addition, our solution maintains a detailed history and a complete audit trail, which is essential for ensuring regulatory compliance and supporting audits, especially in highly regulated and\/or certified environments.<br \/>e\/ou certificados.<\/p>\t\t\t\t\t\t\t\t<\/div>\n\t\t\t\t<\/div>\n\t\t\t\t\t<\/div>\n\t\t\t\t<\/div>\n\t\t<div class=\"elementor-element elementor-element-5df8d174 e-flex e-con-boxed e-con e-child\" data-id=\"5df8d174\" data-element_type=\"container\" data-e-type=\"container\" data-settings=\"{&quot;background_background&quot;:&quot;classic&quot;}\">\n\t\t\t\t\t<div class=\"e-con-inner\">\n\t\t<div class=\"elementor-element elementor-element-5c2b9954 e-con-full e-flex e-con e-child\" data-id=\"5c2b9954\" data-element_type=\"container\" data-e-type=\"container\">\n\t\t\t\t<div class=\"elementor-element elementor-element-2768cbe1 elementor-view-default elementor-widget elementor-widget-icon\" data-id=\"2768cbe1\" data-element_type=\"widget\" data-e-type=\"widget\" data-widget_type=\"icon.default\">\n\t\t\t\t\t\t\t<div class=\"elementor-icon-wrapper\">\n\t\t\t<div class=\"elementor-icon\">\n\t\t\t<svg xmlns=\"http:\/\/www.w3.org\/2000\/svg\" width=\"180\" height=\"263\" viewbox=\"0 0 180 263\" fill=\"none\"><g clip-path=\"url(#clip0_77_2)\"><path d=\"M88.28 60.28V113.93L122.82 133.37L122.85 175.79L179.59 204.45V28.06L123.87 0V80L88.28 60.28Z\" fill=\"url(#paint0_linear_77_2)\"><\/path><path d=\"M83.92 60.42V113.99L48.61 133.92L48.65 176.48L0.27 206.14L0 109.35L83.92 60.42Z\" fill=\"url(#paint1_linear_77_2)\"><\/path><path d=\"M50.9 179.65L2.17004 210.48L86.53 262.25L177.42 207.43L121.67 179.34L86.83 199.84L50.9 179.65Z\" fill=\"url(#paint2_linear_77_2)\"><\/path><\/g><defs><lineargradient id=\"paint0_linear_77_2\" x1=\"88.28\" y1=\"102.23\" x2=\"179.59\" y2=\"102.23\" gradientunits=\"userSpaceOnUse\"><stop stop-color=\"#0094D9\"><\/stop><stop offset=\"0.2\" stop-color=\"#018DD3\"><\/stop><stop offset=\"0.48\" stop-color=\"#077AC5\"><\/stop><stop offset=\"0.81\" stop-color=\"#105CAD\"><\/stop><stop offset=\"1\" stop-color=\"#17479D\"><\/stop><\/lineargradient><lineargradient id=\"paint1_linear_77_2\" x1=\"0\" y1=\"133.28\" x2=\"83.92\" y2=\"133.28\" gradientunits=\"userSpaceOnUse\"><stop stop-color=\"#0094D9\"><\/stop><stop offset=\"0.2\" stop-color=\"#018DD3\"><\/stop><stop offset=\"0.48\" stop-color=\"#077AC5\"><\/stop><stop offset=\"0.81\" stop-color=\"#105CAD\"><\/stop><stop offset=\"1\" stop-color=\"#17479D\"><\/stop><\/lineargradient><lineargradient id=\"paint2_linear_77_2\" x1=\"2.17004\" y1=\"220.8\" x2=\"177.42\" y2=\"220.8\" gradientunits=\"userSpaceOnUse\"><stop stop-color=\"#0094D9\"><\/stop><stop offset=\"0.2\" stop-color=\"#018DD3\"><\/stop><stop offset=\"0.48\" stop-color=\"#077AC5\"><\/stop><stop offset=\"0.81\" stop-color=\"#105CAD\"><\/stop><stop offset=\"1\" stop-color=\"#17479D\"><\/stop><\/lineargradient><clippath id=\"clip0_77_2\"><rect width=\"179.59\" height=\"262.25\" fill=\"white\"><\/rect><\/clippath><\/defs><\/svg>\t\t\t<\/div>\n\t\t<\/div>\n\t\t\t\t\t\t<\/div>\n\t\t\t\t<div class=\"elementor-element elementor-element-537c8a5e elementor-widget elementor-widget-text-editor\" data-id=\"537c8a5e\" data-element_type=\"widget\" data-e-type=\"widget\" data-widget_type=\"text-editor.default\">\n\t\t\t\t\t\t\t\t\t<div class=\"row\"><div class=\"col-sm-12 col-md-7 col-lg-7\"><p>With the platform, you have complete control over process reviews, ensuring that every change is recorded and auditable. This eliminates uncertainty and improves corporate governance, providing peace of mind so your team can focus on strategy and organizational performance. By integrating process documentation management with a value chain perspective, our solution is positioned as an essential tool for companies seeking not only to document but also to optimize their internal processes.<\/p><\/div><\/div>\t\t\t\t\t\t\t\t<\/div>\n\t\t\t\t<\/div>\n\t\t\t\t\t<\/div>\n\t\t\t\t<\/div>\n\t\t\t\t<\/div>\n\t\t<div class=\"elementor-element elementor-element-67b057f e-flex e-con-boxed e-con e-parent\" data-id=\"67b057f\" data-element_type=\"container\" data-e-type=\"container\" data-settings=\"{&quot;background_background&quot;:&quot;classic&quot;}\">\n\t\t\t\t\t<div class=\"e-con-inner\">\n\t\t<div class=\"elementor-element elementor-element-fcd197e e-con-full e-flex e-con e-child\" data-id=\"fcd197e\" data-element_type=\"container\" data-e-type=\"container\">\n\t\t\t\t<div class=\"elementor-element elementor-element-06b1153 elementor-widget__width-auto elementor-widget-mobile__width-inherit elementor-widget elementor-widget-heading\" data-id=\"06b1153\" data-element_type=\"widget\" data-e-type=\"widget\" data-widget_type=\"heading.default\">\n\t\t\t\t\t<h3 class=\"elementor-heading-title elementor-size-default\">CHECK OUT OUR <\/BR>SUCCESS STORIES\n<\/h3>\t\t\t\t<\/div>\n\t\t\t\t<div class=\"elementor-element elementor-element-3598859 elementor-align-right elementor-tablet-align-center elementor-mobile-align-center elementor-widget elementor-widget-button\" data-id=\"3598859\" data-element_type=\"widget\" data-e-type=\"widget\" data-widget_type=\"button.default\">\n\t\t\t\t\t\t\t\t\t\t<a class=\"elementor-button elementor-button-link elementor-size-sm\" href=\"https:\/\/docspider.com.br\/en\/fale-conosco\/\">\n\t\t\t\t\t\t<span class=\"elementor-button-content-wrapper\">\n\t\t\t\t\t\t\t\t\t<span class=\"elementor-button-text\">REQUEST AN INTRODUCTION<\/span>\n\t\t\t\t\t<\/span>\n\t\t\t\t\t<\/a>\n\t\t\t\t\t\t\t\t<\/div>\n\t\t\t\t<\/div>\n\t\t\t\t\t<\/div>\n\t\t\t\t<\/div>\n\t\t<div class=\"elementor-element elementor-element-5f0c01c e-flex e-con-boxed e-con e-parent\" data-id=\"5f0c01c\" data-element_type=\"container\" data-e-type=\"container\">\n\t\t\t\t\t<div class=\"e-con-inner\">\n\t\t\t\t<div class=\"elementor-element elementor-element-30c96f5 elementor-widget__width-inherit elementor-widget elementor-widget-heading\" data-id=\"30c96f5\" data-element_type=\"widget\" data-e-type=\"widget\" data-widget_type=\"heading.default\">\n\t\t\t\t\t<h2 class=\"elementor-heading-title elementor-size-default\">OTHER SOLUTIONS<\/h2>\t\t\t\t<\/div>\n\t\t\t\t<div class=\"elementor-element elementor-element-b72bc7b elementor-widget-divider--view-line elementor-widget elementor-widget-divider\" data-id=\"b72bc7b\" data-element_type=\"widget\" data-e-type=\"widget\" data-widget_type=\"divider.default\">\n\t\t\t\t\t\t\t<div class=\"elementor-divider\">\n\t\t\t<span class=\"elementor-divider-separator\">\n\t\t\t\t\t\t<\/span>\n\t\t<\/div>\n\t\t\t\t\t\t<\/div>\n\t\t<div class=\"elementor-element elementor-element-93a8975 e-grid e-con-full e-con e-child\" data-id=\"93a8975\" data-element_type=\"container\" data-e-type=\"container\">\n\t\t<div class=\"elementor-element elementor-element-9b12932 e-con-full e-flex e-con e-child\" data-id=\"9b12932\" data-element_type=\"container\" data-e-type=\"container\" data-settings=\"{&quot;background_background&quot;:&quot;classic&quot;}\">\n\t\t\t\t<div class=\"elementor-element elementor-element-bf2b136 elementor-widget__width-initial elementor-widget elementor-widget-heading\" data-id=\"bf2b136\" data-element_type=\"widget\" data-e-type=\"widget\" data-widget_type=\"heading.default\">\n\t\t\t\t\t<h3 class=\"elementor-heading-title elementor-size-default\"><a href=\"https:\/\/docspider.com.br\/en\/instrumentos-normativos\/\">GOVERNANCE REGULATORY INSTRUMENTS<\/a><\/h3>\t\t\t\t<\/div>\n\t\t\t\t<\/div>\n\t\t<div class=\"elementor-element elementor-element-f50d45a e-con-full e-flex e-con e-child\" data-id=\"f50d45a\" data-element_type=\"container\" data-e-type=\"container\" data-settings=\"{&quot;background_background&quot;:&quot;classic&quot;}\">\n\t\t\t\t<div class=\"elementor-element elementor-element-deb2272 elementor-widget__width-initial elementor-widget elementor-widget-heading\" data-id=\"deb2272\" data-element_type=\"widget\" data-e-type=\"widget\" data-widget_type=\"heading.default\">\n\t\t\t\t\t<h3 class=\"elementor-heading-title elementor-size-default\"><a href=\"https:\/\/docspider.com.br\/en\/atos-normativos\/\">GOVERNANCE REGULATORY ACTS<\/a><\/h3>\t\t\t\t<\/div>\n\t\t\t\t<\/div>\n\t\t<div class=\"elementor-element elementor-element-0946e84 e-con-full e-flex e-con e-child\" data-id=\"0946e84\" data-element_type=\"container\" data-e-type=\"container\" data-settings=\"{&quot;background_background&quot;:&quot;classic&quot;}\">\n\t\t\t\t<div class=\"elementor-element elementor-element-7495174 elementor-widget__width-initial elementor-widget elementor-widget-heading\" data-id=\"7495174\" data-element_type=\"widget\" data-e-type=\"widget\" data-widget_type=\"heading.default\">\n\t\t\t\t\t<h3 class=\"elementor-heading-title elementor-size-default\"><a href=\"https:\/\/docspider.com.br\/en\/comites-e-colegiados\/\">COMMITTEE &amp; BOARD MANAGEMENT<\/a><\/h3>\t\t\t\t<\/div>\n\t\t\t\t<\/div>\n\t\t<div class=\"elementor-element elementor-element-76a6f21 e-con-full e-flex e-con e-child\" data-id=\"76a6f21\" data-element_type=\"container\" data-e-type=\"container\" data-settings=\"{&quot;background_background&quot;:&quot;classic&quot;}\">\n\t\t\t\t<div class=\"elementor-element elementor-element-9eb4af3 elementor-widget__width-initial elementor-widget elementor-widget-heading\" data-id=\"9eb4af3\" data-element_type=\"widget\" data-e-type=\"widget\" data-widget_type=\"heading.default\">\n\t\t\t\t\t<h3 class=\"elementor-heading-title elementor-size-default\"><a href=\"https:\/\/docspider.com.br\/en\/assuntos-regulatorios\/\">REGULATORY AFFAIRS MANAGEMENT<\/a><\/h3>\t\t\t\t<\/div>\n\t\t\t\t<\/div>\n\t\t<div class=\"elementor-element elementor-element-f6b6c43 e-con-full e-flex e-con e-child\" data-id=\"f6b6c43\" data-element_type=\"container\" data-e-type=\"container\" data-settings=\"{&quot;background_background&quot;:&quot;classic&quot;}\">\n\t\t\t\t<div class=\"elementor-element elementor-element-87ac2fd elementor-widget__width-initial elementor-widget elementor-widget-heading\" data-id=\"87ac2fd\" data-element_type=\"widget\" data-e-type=\"widget\" data-widget_type=\"heading.default\">\n\t\t\t\t\t<h3 class=\"elementor-heading-title elementor-size-default\"><a href=\"https:\/\/docspider.com.br\/en\/automacao-de-processos\/\">PROCESS AUTOMATION - BPMS <\/a><\/h3>\t\t\t\t<\/div>\n\t\t\t\t<\/div>\n\t\t\t\t<\/div>\n\t\t\t\t\t<\/div>\n\t\t\t\t<\/div>\n\t\t<div class=\"elementor-element elementor-element-5542747 e-flex e-con-boxed e-con e-parent\" data-id=\"5542747\" data-element_type=\"container\" data-e-type=\"container\" data-settings=\"{&quot;background_background&quot;:&quot;classic&quot;}\">\n\t\t\t\t\t<div class=\"e-con-inner\">\n\t\t\t\t<div class=\"elementor-element elementor-element-ae0d71f elementor-widget__width-initial elementor-widget-mobile__width-inherit elementor-widget-tablet_extra__width-initial elementor-widget-tablet__width-inherit elementor-widget elementor-widget-heading\" data-id=\"ae0d71f\" data-element_type=\"widget\" data-e-type=\"widget\" data-widget_type=\"heading.default\">\n\t\t\t\t\t<h3 class=\"elementor-heading-title elementor-size-default\"><span style=\"background: #ec1b24;color: white;padding: 5px 10px;border-radius: 15px;display: inline-block;margin-bottom: 10px\"> REDUCE OPERATIONAL ERRORS<\/span>\nAND IMPROVE EFFICIENCY WITH DOCUMENT AND WORKFLOW AUTOMATION!<\/h3>\t\t\t\t<\/div>\n\t\t\t\t<div class=\"elementor-element elementor-element-55b68cb elementor-align-right elementor-tablet-align-center elementor-mobile-align-center elementor-widget elementor-widget-button\" data-id=\"55b68cb\" data-element_type=\"widget\" data-e-type=\"widget\" data-widget_type=\"button.default\">\n\t\t\t\t\t\t\t\t\t\t<a class=\"elementor-button elementor-button-link elementor-size-sm\" href=\"https:\/\/docspider.com.br\/en\/fale-conosco\/\">\n\t\t\t\t\t\t<span class=\"elementor-button-content-wrapper\">\n\t\t\t\t\t\t\t\t\t<span class=\"elementor-button-text\">Contact Us<\/span>\n\t\t\t\t\t<\/span>\n\t\t\t\t\t<\/a>\n\t\t\t\t\t\t\t\t<\/div>\n\t\t\t\t\t<\/div>\n\t\t\t\t<\/div>\n\t\t\t\t<\/div>","protected":false},"excerpt":{"rendered":"<p>Gest\u00e3o de Documenta\u00e7\u00e3o de Processos Gest\u00e3o eficaz do ciclo de vida, por cadeia de valor, macroprocessos, processos e documentos correlatos. Gest\u00e3o eficaz do ciclo de vida, por cadeia de valor, macroprocessos, processos e documentos correlatos. SOLICITE UMA APRESENTA\u00c7\u00c3O GEST\u00c3O DE DOCUMENTA\u00c7\u00c3O DE PROCESSOS Nossa solu\u00e7\u00e3o de gest\u00e3o de documenta\u00e7\u00e3o de processos \u00e9 projetada para oferecer [&hellip;]<\/p>\n","protected":false},"author":1,"featured_media":0,"parent":0,"menu_order":5,"comment_status":"closed","ping_status":"closed","template":"","meta":{"_seopress_robots_primary_cat":"","_seopress_titles_title":"","_seopress_titles_desc":"","_seopress_robots_index":"","footnotes":""},"class_list":["post-43","page","type-page","status-publish","hentry"],"_links":{"self":[{"href":"https:\/\/docspider.com.br\/en\/wp-json\/wp\/v2\/pages\/43","targetHints":{"allow":["GET"]}}],"collection":[{"href":"https:\/\/docspider.com.br\/en\/wp-json\/wp\/v2\/pages"}],"about":[{"href":"https:\/\/docspider.com.br\/en\/wp-json\/wp\/v2\/types\/page"}],"author":[{"embeddable":true,"href":"https:\/\/docspider.com.br\/en\/wp-json\/wp\/v2\/users\/1"}],"replies":[{"embeddable":true,"href":"https:\/\/docspider.com.br\/en\/wp-json\/wp\/v2\/comments?post=43"}],"version-history":[{"count":107,"href":"https:\/\/docspider.com.br\/en\/wp-json\/wp\/v2\/pages\/43\/revisions"}],"predecessor-version":[{"id":14101,"href":"https:\/\/docspider.com.br\/en\/wp-json\/wp\/v2\/pages\/43\/revisions\/14101"}],"wp:attachment":[{"href":"https:\/\/docspider.com.br\/en\/wp-json\/wp\/v2\/media?parent=43"}],"curies":[{"name":"wp","href":"https:\/\/api.w.org\/{rel}","templated":true}]}}