{"id":45,"date":"2024-10-28T12:54:14","date_gmt":"2024-10-28T15:54:14","guid":{"rendered":"https:\/\/docspider.beondigital.com.br\/?page_id=45"},"modified":"2025-11-18T16:27:17","modified_gmt":"2025-11-18T19:27:17","slug":"assuntos-regulatorios","status":"publish","type":"page","link":"https:\/\/docspider.com.br\/en\/assuntos-regulatorios\/","title":{"rendered":"Regulatory Affairs"},"content":{"rendered":"<div data-elementor-type=\"wp-page\" data-elementor-id=\"45\" class=\"elementor elementor-45\" data-elementor-post-type=\"page\">\n\t\t\t\t<div class=\"elementor-element elementor-element-0df684b e-flex e-con-boxed e-con e-child\" data-id=\"0df684b\" data-element_type=\"container\" data-e-type=\"container\" data-settings=\"{&quot;background_background&quot;:&quot;classic&quot;}\">\n\t\t\t\t\t<div class=\"e-con-inner\">\n\t\t\t\t<div class=\"elementor-element elementor-element-db3722e elementor-widget__width-inherit elementor-widget elementor-widget-heading\" data-id=\"db3722e\" data-element_type=\"widget\" data-e-type=\"widget\" id=\"titulo-dinamico\" data-widget_type=\"heading.default\">\n\t\t\t\t\t<h1 class=\"elementor-heading-title elementor-size-default\">Regulatory Affairs<\/h1>\t\t\t\t<\/div>\n\t\t\t\t<div class=\"elementor-element elementor-element-238b3a6 elementor-widget__width-initial elementor-widget-mobile__width-inherit elementor-hidden-mobile elementor-widget elementor-widget-heading\" data-id=\"238b3a6\" data-element_type=\"widget\" data-e-type=\"widget\" id=\"titulo-linhas-especial15\" data-widget_type=\"heading.default\">\n\t\t\t\t\t<h2 class=\"elementor-heading-title elementor-size-default\">Turn regulatory challenges into opportunities with optimized and reliable processes.<\/h2>\t\t\t\t<\/div>\n\t\t\t\t<div class=\"elementor-element elementor-element-d68cc92 elementor-widget__width-initial elementor-widget-mobile__width-inherit elementor-hidden-desktop elementor-hidden-laptop elementor-hidden-tablet_extra elementor-hidden-tablet elementor-hidden-mobile_extra elementor-widget elementor-widget-heading\" data-id=\"d68cc92\" data-element_type=\"widget\" data-e-type=\"widget\" id=\"titulo-linhas-especial82\" data-widget_type=\"heading.default\">\n\t\t\t\t\t<h2 class=\"elementor-heading-title elementor-size-default\">Turn regulatory challenges into opportunities with optimized and reliable processes.<\/h2>\t\t\t\t<\/div>\n\t\t\t\t<div class=\"elementor-element elementor-element-771c3bc elementor-align-center elementor-widget elementor-widget-button\" data-id=\"771c3bc\" data-element_type=\"widget\" data-e-type=\"widget\" data-widget_type=\"button.default\">\n\t\t\t\t\t\t\t\t\t\t<a class=\"elementor-button elementor-button-link elementor-size-sm\" href=\"https:\/\/docspider.com.br\/en\/fale-conosco\/\">\n\t\t\t\t\t\t<span class=\"elementor-button-content-wrapper\">\n\t\t\t\t\t\t\t\t\t<span class=\"elementor-button-text\">Request an introduction<\/span>\n\t\t\t\t\t<\/span>\n\t\t\t\t\t<\/a>\n\t\t\t\t\t\t\t\t<\/div>\n\t\t\t\t\t<\/div>\n\t\t\t\t<\/div>\n\t\t<div class=\"elementor-element elementor-element-105b29f e-flex e-con-boxed e-con e-parent\" data-id=\"105b29f\" data-element_type=\"container\" data-e-type=\"container\" data-settings=\"{&quot;background_background&quot;:&quot;classic&quot;}\">\n\t\t\t\t\t<div class=\"e-con-inner\">\n\t\t\t\t<div class=\"elementor-element elementor-element-66dfbc20 elementor-widget__width-auto elementor-widget elementor-widget-heading\" data-id=\"66dfbc20\" data-element_type=\"widget\" data-e-type=\"widget\" data-widget_type=\"heading.default\">\n\t\t\t\t\t<h2 class=\"elementor-heading-title elementor-size-default\">REGULATORY AFFAIRS<\/h2>\t\t\t\t<\/div>\n\t\t\t\t<div class=\"elementor-element elementor-element-2dea1e2e elementor-widget-divider--view-line elementor-widget elementor-widget-divider\" data-id=\"2dea1e2e\" data-element_type=\"widget\" data-e-type=\"widget\" data-widget_type=\"divider.default\">\n\t\t\t\t\t\t\t<div class=\"elementor-divider\">\n\t\t\t<span class=\"elementor-divider-separator\">\n\t\t\t\t\t\t<\/span>\n\t\t<\/div>\n\t\t\t\t\t\t<\/div>\n\t\t\t\t<div class=\"elementor-element elementor-element-52786634 elementor-widget elementor-widget-text-editor\" data-id=\"52786634\" data-element_type=\"widget\" data-e-type=\"widget\" data-widget_type=\"text-editor.default\">\n\t\t\t\t\t\t\t\t\t<p>In the area of Regulatory Affairs, many companies face challenges in managing all the demands of deliverables for regulatory agencies. With our solution, we provide full support and assurance in meeting regulatory requirements through automated processes that manage all activities with SLA (Service Level Agreement) control in all types of processes, deliverables, evidence and protocol storage, meeting legal requirements in accordance with their deadlines and applicable business rules. Docspider emerges as a powerful solution, providing a comprehensive system to automate and manage the lifecycle of all regulatory deliverables, simplifying processes and ensuring full compliance and traceability across all events.<\/p>\t\t\t\t\t\t\t\t<\/div>\n\t\t\t\t\t<\/div>\n\t\t\t\t<\/div>\n\t\t<div class=\"elementor-element elementor-element-41989033 e-con-full e-flex e-con e-parent\" data-id=\"41989033\" data-element_type=\"container\" data-e-type=\"container\">\n\t\t<div class=\"elementor-element elementor-element-20695b36 e-flex e-con-boxed e-con e-child\" data-id=\"20695b36\" data-element_type=\"container\" data-e-type=\"container\" data-settings=\"{&quot;background_background&quot;:&quot;classic&quot;}\">\n\t\t\t\t\t<div class=\"e-con-inner\">\n\t\t<div class=\"elementor-element elementor-element-6e30463d e-con-full e-flex e-con e-child\" data-id=\"6e30463d\" data-element_type=\"container\" data-e-type=\"container\">\n\t\t\t\t<div class=\"elementor-element elementor-element-1e845e84 elementor-view-default elementor-widget elementor-widget-icon\" data-id=\"1e845e84\" data-element_type=\"widget\" data-e-type=\"widget\" data-widget_type=\"icon.default\">\n\t\t\t\t\t\t\t<div class=\"elementor-icon-wrapper\">\n\t\t\t<div class=\"elementor-icon\">\n\t\t\t<svg xmlns=\"http:\/\/www.w3.org\/2000\/svg\" width=\"180\" height=\"263\" viewbox=\"0 0 180 263\" fill=\"none\"><g clip-path=\"url(#clip0_77_2)\"><path d=\"M88.28 60.28V113.93L122.82 133.37L122.85 175.79L179.59 204.45V28.06L123.87 0V80L88.28 60.28Z\" fill=\"url(#paint0_linear_77_2)\"><\/path><path d=\"M83.92 60.42V113.99L48.61 133.92L48.65 176.48L0.27 206.14L0 109.35L83.92 60.42Z\" fill=\"url(#paint1_linear_77_2)\"><\/path><path d=\"M50.9 179.65L2.17004 210.48L86.53 262.25L177.42 207.43L121.67 179.34L86.83 199.84L50.9 179.65Z\" fill=\"url(#paint2_linear_77_2)\"><\/path><\/g><defs><lineargradient id=\"paint0_linear_77_2\" x1=\"88.28\" y1=\"102.23\" x2=\"179.59\" y2=\"102.23\" gradientunits=\"userSpaceOnUse\"><stop stop-color=\"#0094D9\"><\/stop><stop offset=\"0.2\" stop-color=\"#018DD3\"><\/stop><stop offset=\"0.48\" stop-color=\"#077AC5\"><\/stop><stop offset=\"0.81\" stop-color=\"#105CAD\"><\/stop><stop offset=\"1\" stop-color=\"#17479D\"><\/stop><\/lineargradient><lineargradient id=\"paint1_linear_77_2\" x1=\"0\" y1=\"133.28\" x2=\"83.92\" y2=\"133.28\" gradientunits=\"userSpaceOnUse\"><stop stop-color=\"#0094D9\"><\/stop><stop offset=\"0.2\" stop-color=\"#018DD3\"><\/stop><stop offset=\"0.48\" stop-color=\"#077AC5\"><\/stop><stop offset=\"0.81\" stop-color=\"#105CAD\"><\/stop><stop offset=\"1\" stop-color=\"#17479D\"><\/stop><\/lineargradient><lineargradient id=\"paint2_linear_77_2\" x1=\"2.17004\" y1=\"220.8\" x2=\"177.42\" y2=\"220.8\" gradientunits=\"userSpaceOnUse\"><stop stop-color=\"#0094D9\"><\/stop><stop offset=\"0.2\" stop-color=\"#018DD3\"><\/stop><stop offset=\"0.48\" stop-color=\"#077AC5\"><\/stop><stop offset=\"0.81\" stop-color=\"#105CAD\"><\/stop><stop offset=\"1\" stop-color=\"#17479D\"><\/stop><\/lineargradient><clippath id=\"clip0_77_2\"><rect width=\"179.59\" height=\"262.25\" fill=\"white\"><\/rect><\/clippath><\/defs><\/svg>\t\t\t<\/div>\n\t\t<\/div>\n\t\t\t\t\t\t<\/div>\n\t\t\t\t<div class=\"elementor-element elementor-element-54ec9cef elementor-widget elementor-widget-text-editor\" data-id=\"54ec9cef\" data-element_type=\"widget\" data-e-type=\"widget\" data-widget_type=\"text-editor.default\">\n\t\t\t\t\t\t\t\t\t<p>Our platform offers centralized management of forms and documents, enabling real-time monitoring and ensuring that all information is always up to date. This not only facilitates technical support to internal departments, but also promotes more effective and transparent communication with regulatory bodies and business entities. In addition, our solution integrates artificial intelligence, providing even greater precision in management.<\/p>\t\t\t\t\t\t\t\t<\/div>\n\t\t\t\t<\/div>\n\t\t\t\t\t<\/div>\n\t\t\t\t<\/div>\n\t\t<div class=\"elementor-element elementor-element-490b81a4 e-flex e-con-boxed e-con e-child\" data-id=\"490b81a4\" data-element_type=\"container\" data-e-type=\"container\" data-settings=\"{&quot;background_background&quot;:&quot;classic&quot;}\">\n\t\t\t\t\t<div class=\"e-con-inner\">\n\t\t<div class=\"elementor-element elementor-element-353450fe e-con-full e-flex e-con e-child\" data-id=\"353450fe\" data-element_type=\"container\" data-e-type=\"container\">\n\t\t\t\t<div class=\"elementor-element elementor-element-4f4d6027 elementor-view-default elementor-widget elementor-widget-icon\" data-id=\"4f4d6027\" data-element_type=\"widget\" data-e-type=\"widget\" data-widget_type=\"icon.default\">\n\t\t\t\t\t\t\t<div class=\"elementor-icon-wrapper\">\n\t\t\t<div class=\"elementor-icon\">\n\t\t\t<svg xmlns=\"http:\/\/www.w3.org\/2000\/svg\" width=\"180\" height=\"263\" viewbox=\"0 0 180 263\" fill=\"none\"><g clip-path=\"url(#clip0_77_2)\"><path d=\"M88.28 60.28V113.93L122.82 133.37L122.85 175.79L179.59 204.45V28.06L123.87 0V80L88.28 60.28Z\" fill=\"url(#paint0_linear_77_2)\"><\/path><path d=\"M83.92 60.42V113.99L48.61 133.92L48.65 176.48L0.27 206.14L0 109.35L83.92 60.42Z\" fill=\"url(#paint1_linear_77_2)\"><\/path><path d=\"M50.9 179.65L2.17004 210.48L86.53 262.25L177.42 207.43L121.67 179.34L86.83 199.84L50.9 179.65Z\" fill=\"url(#paint2_linear_77_2)\"><\/path><\/g><defs><lineargradient id=\"paint0_linear_77_2\" x1=\"88.28\" y1=\"102.23\" x2=\"179.59\" y2=\"102.23\" gradientunits=\"userSpaceOnUse\"><stop stop-color=\"#0094D9\"><\/stop><stop offset=\"0.2\" stop-color=\"#018DD3\"><\/stop><stop offset=\"0.48\" stop-color=\"#077AC5\"><\/stop><stop offset=\"0.81\" stop-color=\"#105CAD\"><\/stop><stop offset=\"1\" stop-color=\"#17479D\"><\/stop><\/lineargradient><lineargradient id=\"paint1_linear_77_2\" x1=\"0\" y1=\"133.28\" x2=\"83.92\" y2=\"133.28\" gradientunits=\"userSpaceOnUse\"><stop stop-color=\"#0094D9\"><\/stop><stop offset=\"0.2\" stop-color=\"#018DD3\"><\/stop><stop offset=\"0.48\" stop-color=\"#077AC5\"><\/stop><stop offset=\"0.81\" stop-color=\"#105CAD\"><\/stop><stop offset=\"1\" stop-color=\"#17479D\"><\/stop><\/lineargradient><lineargradient id=\"paint2_linear_77_2\" x1=\"2.17004\" y1=\"220.8\" x2=\"177.42\" y2=\"220.8\" gradientunits=\"userSpaceOnUse\"><stop stop-color=\"#0094D9\"><\/stop><stop offset=\"0.2\" stop-color=\"#018DD3\"><\/stop><stop offset=\"0.48\" stop-color=\"#077AC5\"><\/stop><stop offset=\"0.81\" stop-color=\"#105CAD\"><\/stop><stop offset=\"1\" stop-color=\"#17479D\"><\/stop><\/lineargradient><clippath id=\"clip0_77_2\"><rect width=\"179.59\" height=\"262.25\" fill=\"white\"><\/rect><\/clippath><\/defs><\/svg>\t\t\t<\/div>\n\t\t<\/div>\n\t\t\t\t\t\t<\/div>\n\t\t\t\t<div class=\"elementor-element elementor-element-30417d54 elementor-widget elementor-widget-text-editor\" data-id=\"30417d54\" data-element_type=\"widget\" data-e-type=\"widget\" data-widget_type=\"text-editor.default\">\n\t\t\t\t\t\t\t\t\t<div class=\"row\"><div class=\"col-sm-12 col-md-7 col-lg-7\"><p>Docspider transforms your management, simplifies regulatory challenges, and increases reliability and credibility, allowing your company to maintain its focus on operational and managerial excellence and sustainable growth.<\/p><\/div><\/div>\t\t\t\t\t\t\t\t<\/div>\n\t\t\t\t<\/div>\n\t\t\t\t\t<\/div>\n\t\t\t\t<\/div>\n\t\t\t\t<\/div>\n\t\t<div class=\"elementor-element elementor-element-2f47a5c e-flex e-con-boxed e-con e-parent\" data-id=\"2f47a5c\" data-element_type=\"container\" data-e-type=\"container\" data-settings=\"{&quot;background_background&quot;:&quot;classic&quot;}\">\n\t\t\t\t\t<div class=\"e-con-inner\">\n\t\t<div class=\"elementor-element elementor-element-aed00dc e-con-full e-flex e-con e-child\" data-id=\"aed00dc\" data-element_type=\"container\" data-e-type=\"container\">\n\t\t\t\t<div class=\"elementor-element elementor-element-00a2dca elementor-widget__width-auto elementor-widget-mobile__width-inherit elementor-widget elementor-widget-heading\" data-id=\"00a2dca\" data-element_type=\"widget\" data-e-type=\"widget\" data-widget_type=\"heading.default\">\n\t\t\t\t\t<h3 class=\"elementor-heading-title elementor-size-default\">CHECK OUT OUR <\/BR>SUCCESS STORIES\n<\/h3>\t\t\t\t<\/div>\n\t\t\t\t<div class=\"elementor-element elementor-element-0785382 elementor-align-right elementor-tablet-align-center elementor-mobile-align-center elementor-widget elementor-widget-button\" data-id=\"0785382\" data-element_type=\"widget\" data-e-type=\"widget\" data-widget_type=\"button.default\">\n\t\t\t\t\t\t\t\t\t\t<a class=\"elementor-button elementor-button-link elementor-size-sm\" href=\"https:\/\/docspider.com.br\/en\/fale-conosco\/\">\n\t\t\t\t\t\t<span class=\"elementor-button-content-wrapper\">\n\t\t\t\t\t\t\t\t\t<span class=\"elementor-button-text\">REQUEST AN INTRODUCTION<\/span>\n\t\t\t\t\t<\/span>\n\t\t\t\t\t<\/a>\n\t\t\t\t\t\t\t\t<\/div>\n\t\t\t\t<\/div>\n\t\t\t\t\t<\/div>\n\t\t\t\t<\/div>\n\t\t<div class=\"elementor-element elementor-element-119260a e-flex e-con-boxed e-con e-parent\" data-id=\"119260a\" data-element_type=\"container\" data-e-type=\"container\">\n\t\t\t\t\t<div class=\"e-con-inner\">\n\t\t\t\t<div class=\"elementor-element elementor-element-89c3f28 elementor-widget__width-inherit elementor-widget elementor-widget-heading\" data-id=\"89c3f28\" data-element_type=\"widget\" data-e-type=\"widget\" data-widget_type=\"heading.default\">\n\t\t\t\t\t<h2 class=\"elementor-heading-title elementor-size-default\">OTHER SOLUTIONS<\/h2>\t\t\t\t<\/div>\n\t\t\t\t<div class=\"elementor-element elementor-element-6096f3f elementor-widget-divider--view-line elementor-widget elementor-widget-divider\" data-id=\"6096f3f\" data-element_type=\"widget\" data-e-type=\"widget\" data-widget_type=\"divider.default\">\n\t\t\t\t\t\t\t<div class=\"elementor-divider\">\n\t\t\t<span class=\"elementor-divider-separator\">\n\t\t\t\t\t\t<\/span>\n\t\t<\/div>\n\t\t\t\t\t\t<\/div>\n\t\t<div class=\"elementor-element elementor-element-1fad834 e-grid e-con-full e-con e-child\" data-id=\"1fad834\" data-element_type=\"container\" data-e-type=\"container\">\n\t\t<div class=\"elementor-element elementor-element-aa95d95 e-con-full e-flex e-con e-child\" data-id=\"aa95d95\" data-element_type=\"container\" data-e-type=\"container\" data-settings=\"{&quot;background_background&quot;:&quot;classic&quot;}\">\n\t\t\t\t<div class=\"elementor-element elementor-element-f5b9828 elementor-widget__width-initial elementor-widget elementor-widget-heading\" data-id=\"f5b9828\" data-element_type=\"widget\" data-e-type=\"widget\" data-widget_type=\"heading.default\">\n\t\t\t\t\t<h3 class=\"elementor-heading-title elementor-size-default\"><a href=\"https:\/\/docspider.com.br\/en\/instrumentos-normativos\/\">GOVERNANCE REGULATORY INSTRUMENTS<\/a><\/h3>\t\t\t\t<\/div>\n\t\t\t\t<\/div>\n\t\t<div class=\"elementor-element elementor-element-7406805 e-con-full e-flex e-con e-child\" data-id=\"7406805\" data-element_type=\"container\" data-e-type=\"container\" data-settings=\"{&quot;background_background&quot;:&quot;classic&quot;}\">\n\t\t\t\t<div class=\"elementor-element elementor-element-3416a16 elementor-widget__width-initial elementor-widget elementor-widget-heading\" data-id=\"3416a16\" data-element_type=\"widget\" data-e-type=\"widget\" data-widget_type=\"heading.default\">\n\t\t\t\t\t<h3 class=\"elementor-heading-title elementor-size-default\"><a href=\"https:\/\/docspider.com.br\/en\/atos-normativos\/\">GOVERNANCE REGULATORY ACTS<\/a><\/h3>\t\t\t\t<\/div>\n\t\t\t\t<\/div>\n\t\t<div class=\"elementor-element elementor-element-66f0cc4 e-con-full e-flex e-con e-child\" data-id=\"66f0cc4\" data-element_type=\"container\" data-e-type=\"container\" data-settings=\"{&quot;background_background&quot;:&quot;classic&quot;}\">\n\t\t\t\t<div class=\"elementor-element elementor-element-3406e0c elementor-widget__width-initial elementor-widget elementor-widget-heading\" data-id=\"3406e0c\" data-element_type=\"widget\" data-e-type=\"widget\" data-widget_type=\"heading.default\">\n\t\t\t\t\t<h3 class=\"elementor-heading-title elementor-size-default\"><a href=\"https:\/\/docspider.com.br\/en\/comites-e-colegiados\/\">COMMITTEE &amp; BOARD MANAGEMENT<\/a><\/h3>\t\t\t\t<\/div>\n\t\t\t\t<\/div>\n\t\t<div class=\"elementor-element elementor-element-9f5e0d9 e-con-full e-flex e-con e-child\" data-id=\"9f5e0d9\" data-element_type=\"container\" data-e-type=\"container\" data-settings=\"{&quot;background_background&quot;:&quot;classic&quot;}\">\n\t\t\t\t<div class=\"elementor-element elementor-element-c97922c elementor-widget__width-initial elementor-widget elementor-widget-heading\" data-id=\"c97922c\" data-element_type=\"widget\" data-e-type=\"widget\" data-widget_type=\"heading.default\">\n\t\t\t\t\t<h3 class=\"elementor-heading-title elementor-size-default\"><a href=\"https:\/\/docspider.com.br\/en\/documentacao-de-processos\/\">PROCESS DOCUMENTATION MANAGEMENT<\/a><\/h3>\t\t\t\t<\/div>\n\t\t\t\t<\/div>\n\t\t<div class=\"elementor-element elementor-element-a6ebede e-con-full e-flex e-con e-child\" data-id=\"a6ebede\" data-element_type=\"container\" data-e-type=\"container\" data-settings=\"{&quot;background_background&quot;:&quot;classic&quot;}\">\n\t\t\t\t<div class=\"elementor-element elementor-element-b38d07b elementor-widget__width-initial elementor-widget elementor-widget-heading\" data-id=\"b38d07b\" data-element_type=\"widget\" data-e-type=\"widget\" data-widget_type=\"heading.default\">\n\t\t\t\t\t<h3 class=\"elementor-heading-title elementor-size-default\"><a href=\"https:\/\/docspider.com.br\/en\/automacao-de-processos\/\">PROCESS AUTOMATION - BPMS <\/a><\/h3>\t\t\t\t<\/div>\n\t\t\t\t<\/div>\n\t\t\t\t<\/div>\n\t\t\t\t\t<\/div>\n\t\t\t\t<\/div>\n\t\t<div class=\"elementor-element elementor-element-630bcb1 e-flex e-con-boxed e-con e-parent\" data-id=\"630bcb1\" data-element_type=\"container\" data-e-type=\"container\" data-settings=\"{&quot;background_background&quot;:&quot;classic&quot;}\">\n\t\t\t\t\t<div class=\"e-con-inner\">\n\t\t\t\t<div class=\"elementor-element elementor-element-1e1acc1 elementor-widget__width-initial elementor-widget-mobile__width-inherit elementor-widget-tablet_extra__width-initial elementor-widget-tablet__width-inherit elementor-hidden-mobile elementor-widget elementor-widget-heading\" data-id=\"1e1acc1\" data-element_type=\"widget\" data-e-type=\"widget\" data-widget_type=\"heading.default\">\n\t\t\t\t\t<h3 class=\"elementor-heading-title elementor-size-default\">\n\n  <span style=\"background: #ec1b24;color: white;padding: 5px 10px;border-radius: 15px;display: inline-block;margin-bottom: 10px\">REGULATORY DOCUMENT MANAGEMENT <\/span><br>\nRISK-FREE AND MORE EFFICIENT!<\/h3>\t\t\t\t<\/div>\n\t\t\t\t<div class=\"elementor-element elementor-element-42293c8 elementor-widget__width-initial elementor-widget-mobile__width-inherit elementor-widget-tablet_extra__width-initial elementor-widget-tablet__width-inherit elementor-hidden-desktop elementor-hidden-laptop elementor-hidden-tablet_extra elementor-hidden-tablet elementor-hidden-mobile_extra elementor-widget elementor-widget-heading\" data-id=\"42293c8\" data-element_type=\"widget\" data-e-type=\"widget\" data-widget_type=\"heading.default\">\n\t\t\t\t\t<h3 class=\"elementor-heading-title elementor-size-default\">\n\n  <span style=\"background: #ec1b24;color: white;padding: 5px 10px;border-radius: 15px;display: inline-block;margin-bottom: 10px\">GEST\u00c3O DE <\/span><br>\n  <span style=\"background: #ec1b24;color: white;padding: 5px 10px;border-radius: 15px;display: inline-block;margin-bottom: 10px\">DOCUMENTOS <\/span><br>\n  <span style=\"background: #ec1b24;color: white;padding: 5px 10px;border-radius: 15px;display: inline-block;margin-bottom: 10px\"> REGULAT\u00d3RIOS <\/span><br>\n\n\nRISK-FREE AND MORE EFFICIENT!<\/h3>\t\t\t\t<\/div>\n\t\t\t\t<div class=\"elementor-element elementor-element-ede1ce0 elementor-align-right elementor-tablet-align-center elementor-mobile-align-center elementor-widget elementor-widget-button\" data-id=\"ede1ce0\" data-element_type=\"widget\" data-e-type=\"widget\" data-widget_type=\"button.default\">\n\t\t\t\t\t\t\t\t\t\t<a class=\"elementor-button elementor-button-link elementor-size-sm\" href=\"https:\/\/docspider.com.br\/en\/fale-conosco\/\">\n\t\t\t\t\t\t<span class=\"elementor-button-content-wrapper\">\n\t\t\t\t\t\t\t\t\t<span class=\"elementor-button-text\">Contact Us<\/span>\n\t\t\t\t\t<\/span>\n\t\t\t\t\t<\/a>\n\t\t\t\t\t\t\t\t<\/div>\n\t\t\t\t\t<\/div>\n\t\t\t\t<\/div>\n\t\t\t\t<\/div>","protected":false},"excerpt":{"rendered":"<p>Assuntos Regulat\u00f3rios Transforma desafios regulat\u00f3rios em oportunidades de otimiza\u00e7\u00e3o Transforma desafios regulat\u00f3rios em oportunidades de otimiza\u00e7\u00e3o SOLICITE UMA APRESENTA\u00c7\u00c3O ASSUNTOS REGULAT\u00d3RIOS Na \u00e1rea de Assuntos Regulat\u00f3rios, muitas empresas enfrentam desafios em gerenciar todas as demandas de tipos de entreg\u00e1veis para \u00f3rg\u00e3os reguladores. Com a nossa solu\u00e7\u00e3o damos total sustenta\u00e7\u00e3o e garantia no atendimento a agenda [&hellip;]<\/p>\n","protected":false},"author":1,"featured_media":0,"parent":0,"menu_order":6,"comment_status":"closed","ping_status":"closed","template":"elementor_header_footer","meta":{"_seopress_robots_primary_cat":"","_seopress_titles_title":"","_seopress_titles_desc":"","_seopress_robots_index":"","footnotes":""},"class_list":["post-45","page","type-page","status-publish","hentry"],"_links":{"self":[{"href":"https:\/\/docspider.com.br\/en\/wp-json\/wp\/v2\/pages\/45","targetHints":{"allow":["GET"]}}],"collection":[{"href":"https:\/\/docspider.com.br\/en\/wp-json\/wp\/v2\/pages"}],"about":[{"href":"https:\/\/docspider.com.br\/en\/wp-json\/wp\/v2\/types\/page"}],"author":[{"embeddable":true,"href":"https:\/\/docspider.com.br\/en\/wp-json\/wp\/v2\/users\/1"}],"replies":[{"embeddable":true,"href":"https:\/\/docspider.com.br\/en\/wp-json\/wp\/v2\/comments?post=45"}],"version-history":[{"count":95,"href":"https:\/\/docspider.com.br\/en\/wp-json\/wp\/v2\/pages\/45\/revisions"}],"predecessor-version":[{"id":14113,"href":"https:\/\/docspider.com.br\/en\/wp-json\/wp\/v2\/pages\/45\/revisions\/14113"}],"wp:attachment":[{"href":"https:\/\/docspider.com.br\/en\/wp-json\/wp\/v2\/media?parent=45"}],"curies":[{"name":"wp","href":"https:\/\/api.w.org\/{rel}","templated":true}]}}