{"id":61,"date":"2024-10-28T14:11:53","date_gmt":"2024-10-28T17:11:53","guid":{"rendered":"https:\/\/docspider.beondigital.com.br\/?page_id=61"},"modified":"2025-10-09T15:27:15","modified_gmt":"2025-10-09T18:27:15","slug":"aviso-de-privacidade","status":"publish","type":"page","link":"https:\/\/docspider.com.br\/en\/aviso-de-privacidade\/","title":{"rendered":"Privacy Notice"},"content":{"rendered":"<div data-elementor-type=\"wp-page\" data-elementor-id=\"61\" class=\"elementor elementor-61\" data-elementor-post-type=\"page\">\n\t\t\t\t<div class=\"elementor-element elementor-element-4bddd8d e-flex e-con-boxed e-con e-parent\" data-id=\"4bddd8d\" data-element_type=\"container\" data-e-type=\"container\">\n\t\t\t\t\t<div class=\"e-con-inner\">\n\t\t\t\t\t<\/div>\n\t\t\t\t<\/div>\n\t\t<div class=\"elementor-element elementor-element-16f6ef2 e-flex e-con-boxed e-con e-parent\" data-id=\"16f6ef2\" data-element_type=\"container\" data-e-type=\"container\">\n\t\t\t\t\t<div class=\"e-con-inner\">\n\t\t\t\t<div class=\"elementor-element elementor-element-e5c6dae elementor-widget elementor-widget-text-editor\" data-id=\"e5c6dae\" data-element_type=\"widget\" data-e-type=\"widget\" data-widget_type=\"text-editor.default\">\n\t\t\t\t\t\t\t\t\t<p>DOCSPIDER SOFTWARE S.A. seeks to become a benchmark in the market, achieving recognition from customers, partners, and employees throughout its history. To this end, we understand the importance of protecting the personal information that passes through our websites and platforms, and we ensure that we take the best measures to comply with data protection regulations.<\/p>\n<p>This Privacy Notice provides information about the processing of personal data at Docspider S.A., in accordance with Law No. 13,709\/2018 \u2013 General Data Protection Act (LGPD). If you have any questions or need further clarification, you can contact us via the link: https:\/\/siscompliance.com.br\/docspider\/#\/inicio <a href=\"https:\/\/siscompliance.com.br\/docspider\/#\/inicio\" target=\"_blank\" rel=\"noopener\">https:\/\/siscompliance.com.br\/docspider\/#\/inicio<\/a><\/p>\n\n<h4><span style=\"color:#0a2b48;\"><strong>Which personal data is collected?<\/strong><\/span><\/h4>\n<p>To enable the execution of our platform's features, we only require the following data: (a) name; (b) telephone number; and (c) email address.<\/p>\n<p>When you contact us via the \u201cContact Us\u201d tab, we will collect the following data in order to provide customer service: (a) name; (b) email address; (c) telephone number; and (d) the information you enter in the message field.<\/p>\n<p>We emphasize that we do not require sensitive personal data to provide our services and ask that you refrain from sending such information.<\/p>\n<p>Docspider S.A. may request the above information if the user contacts us via WhatsApp.<\/p>\n<p>You can apply for job openings at Docspider S.A. through the \u201cWork with Us\u201d tab, where we collect the following information: (a) name; (b) email address; (c) telephone number; and (d) the information you enter in the message field.<\/p>\n<p>We emphasize that we do not require sensitive personal data to carry out the recruitment and selection process and ask that you refrain from sending such information.<\/p>\n<p>We send you content of interest when you voluntarily provide your name and email address.<\/p>\n<p>We also collect browsing data, such as (a) IP address; (b) geolocation; (c) web tracking.<\/p>\n\n<h4><span style=\"color:#0a2b48;\"><strong>For what purpose is the information processed?<\/strong><\/span><\/h4>\n<p>We will use the data for the following purposes:<\/p>\n<ol type=\"a\">\n  <li>Identify the registered user and their activities on the websites and platforms;<\/li>\n  <li>Enable the execution of our contracts, complying with contractual and legal obligations;<\/li>\n  <li>Enable the availability and execution of our systems and platforms for the customer\/user;<\/li>\n  <li>Provide clarifications and answer any questions, providing customer service;<\/li>\n  <li>Promote products and services, providing content of interest to the user and establishing customer relationships;<\/li>\n  <li>Carry out the recruitment and selection process;<\/li>\n  <li>Ensure the safety of the establishment and other personnel;<\/li>\n  <li>Study user interaction with our online media and improve our relevance in search engines, as well as develop improvements in our channels such as accessibility, content enhancement, or new features.<\/li>\n<\/ol>\n\n<h4><span style=\"color:#0a2b48;\"><strong>How long is the information stored?<\/strong><\/span><\/h4>\n<p>Website access logs are stored for at least 6 months, in accordance with the Brazilian Internet Civil Framework.<\/p>\n<p>Personal information will be stored in the best possible way until the purposes set forth in this Notice are achieved.<\/p>\n<p>We will store data related to sending content of interest (mail marketing) until you object to its processing. Therefore, you can unsubscribe from the list using the link at the end of our emails or through our specific channel.<\/p>\n\n<h4><span style=\"color:#0a2b48;\"><strong>Is the data shared with third parties?<\/strong><\/span><\/h4>\n<p>We will only share your personal data in the following circumstances:<\/p>\n<ol type=\"a\">\n  <li>business succession, such as mergers, acquisitions, and incorporations, maintaining the minimum requirements for security and legitimacy.<\/li>\n  <li>contracting data processing services from third parties (operators), such as data hosting, processing systems (cloud computing services), information technology consulting, advertising and marketing services, credit (financial) billing services, and legal advisory services.<\/li>\n<\/ol>\n<p>These third parties will have no direct interest in the information and will always act under our guidance.<\/p>\n<p>We are required by law to share personal data in the event of an order from a judicial, police, or administrative authority.<\/p>\n\n<h4><span style=\"color:#0a2b48;\"><strong>Information Security Measures<\/strong><\/span><\/h4>\n<p>Docspider S.A. prioritizes the confidentiality and integrity of the information that is processed for the provision of our services. Therefore, we recognize the importance of keeping data secure and, to this end, we have adopted appropriate technical and managerial measures to protect it, such as restricting access to authorized persons; personal and non-transferable login and password; antivirus software; confidentiality agreements signed by employees; among others.<\/p>\n\n<h4><span style=\"color:#0a2b48;\"><strong>Cookies<\/strong><\/span><\/h4>\n<p>Cookies are files installed on your browser to help us better understand your preferences and improve your experience on our websites and platforms. To do this, we use Google Analytics cookies. For more information about data processing at Google, please refer to the Privacy Notice: Google:<br>\nGoogle &#8211; <a href=\"https:\/\/policies.google.com\/privacy?hl=pt#about\" target=\"_blank\" rel=\"noopener\">https:\/\/policies.google.com\/privacy?hl=pt#about<\/a><\/p>\n<p>You can uninstall cookies at any time through your browser. However, we do not guarantee the full functionality of the website with cookies disabled, either completely or partially.<\/p>\n\n<h4><span style=\"color:#0a2b48;\"><strong>International Data Transfer<\/strong><\/span><\/h4>\n<p>Some of the direct and indirect data processors, such as data hosting services, may be located outside Brazilian territory. We ensure compliance with legal requirements arising from personal data protection regulations, particularly with regard to the requirement for third parties to commit to the Terms of Information Security and Personal Data Protection.<\/p>\n\n<h4><span style=\"color:#0a2b48;\"><strong>Social Media<\/strong><\/span><\/h4>\n<p>We are on LinkedIn and X, so we act as joint controllers of personal data together with these social networks. To better understand how your data is processed, please access the Privacy Notice for each of them:<\/p>\n<p>LinkedIn &#8211; <a href=\"https:\/\/www.linkedin.com\/legal\/privacy-policy?_l=pt_BR\" target=\"_blank\" rel=\"noopener\">https:\/\/www.linkedin.com\/legal\/privacy-policy?_l=pt_BR<\/a><br>\nX &#8211; <a href=\"https:\/\/x.com\/pt\/privacy\" target=\"_blank\" rel=\"noopener\">https:\/\/x.com\/pt\/privacy<\/a><\/p>\n\n<h4><span style=\"color:#0a2b48;\"><strong>Data Subject Rights<\/strong><\/span><\/h4>\n<p>The LGPD provides for several rights for data subjects, and we have listed some of them for your information:<\/p>\n<ol type=\"a\">\n  <li>the right to confirm whether your personal data is being processed;<\/li>\n  <li>the right to access information about data processing;<\/li>\n  <li>the right to rectify your data;<\/li>\n  <li>the right to data portability, if and when applicable;<\/li>\n  <li>the right to object to the use of data for a previously authorized purpose;<\/li>\n  <li>the right to have data deleted, except for data necessary to comply with legal obligations and to exercise the right of defense in judicial and\/or administrative proceedings;<\/li>\n<\/ol>\n<p>Docspider S.A. intends to respond to requests from data subjects and\/or authorities in the best possible manner.<\/p>\n\n<h4><span style=\"color:#0a2b48;\"><strong>Contact<\/strong><\/span><\/h4>\n<p>If you still have questions or need to submit formal requests, we are available via the link:\u00a0 <a href=\"https:\/\/siscompliance.com.br\/docspider\/#\/inicio\" target=\"_blank\" rel=\"noopener\">https:\/\/siscompliance.com.br\/docspider\/#\/inicio<\/a><\/p>\n\t\t\t\t\t\t\t\t<\/div>\n\t\t\t\t\t<\/div>\n\t\t\t\t<\/div>\n\t\t\t\t<\/div>","protected":false},"excerpt":{"rendered":"<p>A DOCSPIDER SOFTWARE S.A. busca se tornar refer\u00eancia no mercado, alcan\u00e7ando o reconhecimento de clientes, parceiros e colaboradores durante a sua trajet\u00f3ria. Para tanto, entendemos a import\u00e2ncia de zelar pelas informa\u00e7\u00f5es pessoais que transitam em nossos sites e plataformas e asseguramos tomar as melhores medidas para cumprir com as normas relativas \u00e0 prote\u00e7\u00e3o de dados. [&hellip;]<\/p>\n","protected":false},"author":1,"featured_media":0,"parent":0,"menu_order":14,"comment_status":"closed","ping_status":"closed","template":"","meta":{"_seopress_robots_primary_cat":"","_seopress_titles_title":"","_seopress_titles_desc":"","_seopress_robots_index":"","footnotes":""},"class_list":["post-61","page","type-page","status-publish","hentry"],"_links":{"self":[{"href":"https:\/\/docspider.com.br\/en\/wp-json\/wp\/v2\/pages\/61","targetHints":{"allow":["GET"]}}],"collection":[{"href":"https:\/\/docspider.com.br\/en\/wp-json\/wp\/v2\/pages"}],"about":[{"href":"https:\/\/docspider.com.br\/en\/wp-json\/wp\/v2\/types\/page"}],"author":[{"embeddable":true,"href":"https:\/\/docspider.com.br\/en\/wp-json\/wp\/v2\/users\/1"}],"replies":[{"embeddable":true,"href":"https:\/\/docspider.com.br\/en\/wp-json\/wp\/v2\/comments?post=61"}],"version-history":[{"count":47,"href":"https:\/\/docspider.com.br\/en\/wp-json\/wp\/v2\/pages\/61\/revisions"}],"predecessor-version":[{"id":13641,"href":"https:\/\/docspider.com.br\/en\/wp-json\/wp\/v2\/pages\/61\/revisions\/13641"}],"wp:attachment":[{"href":"https:\/\/docspider.com.br\/en\/wp-json\/wp\/v2\/media?parent=61"}],"curies":[{"name":"wp","href":"https:\/\/api.w.org\/{rel}","templated":true}]}}