{"id":62,"date":"2024-10-28T14:11:53","date_gmt":"2024-10-28T17:11:53","guid":{"rendered":"https:\/\/docspider.beondigital.com.br\/?page_id=62"},"modified":"2025-10-09T15:33:54","modified_gmt":"2025-10-09T18:33:54","slug":"politica-de-cookies","status":"publish","type":"page","link":"https:\/\/docspider.com.br\/en\/politica-de-cookies\/","title":{"rendered":"Cookies Policy"},"content":{"rendered":"<div data-elementor-type=\"wp-page\" data-elementor-id=\"62\" class=\"elementor elementor-62\" data-elementor-post-type=\"page\">\n\t\t\t\t<div class=\"elementor-element elementor-element-1902ba3 e-flex e-con-boxed e-con e-parent\" data-id=\"1902ba3\" data-element_type=\"container\" data-e-type=\"container\">\n\t\t\t\t\t<div class=\"e-con-inner\">\n\t\t\t\t<div class=\"elementor-element elementor-element-7827480 elementor-widget elementor-widget-text-editor\" data-id=\"7827480\" data-element_type=\"widget\" data-e-type=\"widget\" data-widget_type=\"text-editor.default\">\n\t\t\t\t\t\t\t\t\t<h4><span style=\"color: #0a2b48;\"><strong>What are cookies?<\/strong><\/span><\/h4><p>A cookie is a small text file that a website stores on your computer or mobile device when you visit the website. It allows the website to remember your actions and preferences (such as login, language, font size, and other display preferences) over time, so you don't have to re-enter them whenever you return to the site or browse from one page to another.<\/p><h4><span style=\"color: #0a2b48;\"><strong>How do we use cookies?<\/strong><\/span><\/h4><p>We use cookies to collect information about how visitors use our website. This information is used to help improve the website and provide a better user experience.<\/p><h4><span style=\"color: #0a2b48;\"><strong>Google Analytics<\/strong><\/span><\/h4><p>We use Google Analytics to analyze website traffic and understand how users interact with it. Google Analytics uses cookies to collect anonymous information, such as the number of visitors to the website and the most popular pages. This information is used to improve the website and the user experience.<\/p><h4><span style=\"color: #0a2b48;\"><strong>Google Ads<\/strong><\/span><\/h4><p>We use Google Ads to display relevant ads to users of our website. Google Ads uses cookies to collect information about visits to our website and other interactions with our ads. This information is used to display relevant and personalized ads to users.<\/p><h4><span style=\"color: #0a2b48;\"><strong>Cookie management<\/strong><\/span><\/h4><p>You can control the use of cookies in your browser. However, disabling cookies may limit the functionality of the website and prevent you from enjoying full user experience.<\/p><h4><span style=\"color: #0a2b48;\"><strong>Personal information<\/strong><\/span><\/h4><p>The information collected by cookies is not sent to third parties and is not used to personally identify website users. Please see our Privacy Policy for more information about how we handle your personal information.\u00a0<strong><a href=\"https:\/\/docspider.com.br\/en\/aviso-de-privacidade\/\">Privacy Notice<\/a><\/strong>.<\/p>\t\t\t\t\t\t\t\t<\/div>\n\t\t\t\t\t<\/div>\n\t\t\t\t<\/div>\n\t\t\t\t<\/div>","protected":false},"excerpt":{"rendered":"<p>O que s\u00e3o cookies? Um cookie \u00e9 um pequeno arquivo de texto que um site armazena em seu computador ou dispositivo m\u00f3vel quando voc\u00ea visita o site. Ele permite que o site lembre suas a\u00e7\u00f5es e prefer\u00eancias (como login, idioma, tamanho da fonte e outras prefer\u00eancias de exibi\u00e7\u00e3o) ao longo do tempo, para que voc\u00ea [&hellip;]<\/p>\n","protected":false},"author":1,"featured_media":0,"parent":0,"menu_order":13,"comment_status":"closed","ping_status":"closed","template":"","meta":{"_seopress_robots_primary_cat":"","_seopress_titles_title":"","_seopress_titles_desc":"","_seopress_robots_index":"","footnotes":""},"class_list":["post-62","page","type-page","status-publish","hentry"],"_links":{"self":[{"href":"https:\/\/docspider.com.br\/en\/wp-json\/wp\/v2\/pages\/62","targetHints":{"allow":["GET"]}}],"collection":[{"href":"https:\/\/docspider.com.br\/en\/wp-json\/wp\/v2\/pages"}],"about":[{"href":"https:\/\/docspider.com.br\/en\/wp-json\/wp\/v2\/types\/page"}],"author":[{"embeddable":true,"href":"https:\/\/docspider.com.br\/en\/wp-json\/wp\/v2\/users\/1"}],"replies":[{"embeddable":true,"href":"https:\/\/docspider.com.br\/en\/wp-json\/wp\/v2\/comments?post=62"}],"version-history":[{"count":10,"href":"https:\/\/docspider.com.br\/en\/wp-json\/wp\/v2\/pages\/62\/revisions"}],"predecessor-version":[{"id":13647,"href":"https:\/\/docspider.com.br\/en\/wp-json\/wp\/v2\/pages\/62\/revisions\/13647"}],"wp:attachment":[{"href":"https:\/\/docspider.com.br\/en\/wp-json\/wp\/v2\/media?parent=62"}],"curies":[{"name":"wp","href":"https:\/\/api.w.org\/{rel}","templated":true}]}}