{"id":63,"date":"2024-10-28T14:11:53","date_gmt":"2024-10-28T17:11:53","guid":{"rendered":"https:\/\/docspider.beondigital.com.br\/?page_id=63"},"modified":"2024-11-05T15:21:37","modified_gmt":"2024-11-05T18:21:37","slug":"termos-de-uso","status":"publish","type":"page","link":"https:\/\/docspider.com.br\/en\/termos-de-uso\/","title":{"rendered":"Terms of Use"},"content":{"rendered":"<div data-elementor-type=\"wp-page\" data-elementor-id=\"63\" class=\"elementor elementor-63\" data-elementor-post-type=\"page\">\n\t\t\t\t<div class=\"elementor-element elementor-element-ac0ec09 e-flex e-con-boxed e-con e-parent\" data-id=\"ac0ec09\" data-element_type=\"container\" data-e-type=\"container\">\n\t\t\t\t\t<div class=\"e-con-inner\">\n\t\t\t\t<div class=\"elementor-element elementor-element-fa84339 elementor-widget elementor-widget-text-editor\" data-id=\"fa84339\" data-element_type=\"widget\" data-e-type=\"widget\" data-widget_type=\"text-editor.default\">\n\t\t\t\t\t\t\t\t\t<h4><strong><span style=\"color: #0a2b48;\">1. Terms<\/span><\/strong><\/h4><p><span style=\"color: #444444;\">By accessing the <a href=\"https:\/\/docspider.com.br\/en\/\">Docspider Software website,<\/a>you agree to comply with these terms of service, all applicable laws and regulations, and agree that you are responsible for compliance with all applicable local laws. If you do not agree to any of these terms, you are prohibited from using or accessing this site. The materials contained on this website are protected by applicable copyright and trademark laws.<\/span><\/p><h4><strong><span style=\"color: #0a2b48;\">2. License Use<\/span><\/strong><\/h4><p><span style=\"color: #444444;\">Permission is granted to temporarily download one copy of the materials (information or software) on Docspider Software's website for personal, non-commercial transitory viewing only. This is a license grant, not a transfer of title, and under this license you may not:\u00a0\u00a0<\/span><\/p><ol><li><span style=\"color: #444444;\">modify or copy the materials;\u00a0\u00a0<\/span><\/li><li><span style=\"color: #444444;\">use the materials for any commercial purpose or for public display (commercial or non-commercial);\u00a0\u00a0<\/span><\/li><li><span style=\"color: #444444;\">attempt to decompile or reverse engineer any software contained on the Docspider Software website;\u00a0\u00a0<\/span><\/li><li><span style=\"color: #444444;\">remove any copyright or other proprietary notations from the materials; or\u00a0\u00a0<\/span><\/li><li><span style=\"color: #444444;\">transfer the materials to another person or \u2018mirror\u2019 the materials on any other server.<\/span><\/li><\/ol><p><span style=\"color: #444444;\">This license will automatically terminate if you violate any of these restrictions and may be terminated by Docspider Software at any time. Upon terminating your viewing of these materials or upon the termination of this license, you must delete all downloaded materials in your possession, whether in electronic or printed format.<\/span><\/p><h4><strong><span style=\"color: #0a2b48;\">3. Disclaimer<\/span><\/strong><\/h4><ol><li><span style=\"color: #444444;\">The materials on Docspider Software's website are provided \u201cas is.\u201d Docspider Software makes no warranties, express or implied, and hereby disclaims and negates all other warranties, including without limitation, implied warranties or conditions of merchantability, fitness for a particular purpose, or non-infringement of intellectual property or other violation of rights.<\/span><\/li><li><span style=\"color: #444444;\">Furthermore, Docspider Software does not warrant or make any representations regarding the accuracy, likely results, or reliability of the use of the materials on its website or otherwise relating to such materials or on any sites linked to this site.<\/span><\/li><\/ol><h4><strong><span style=\"color: #0a2b48;\">4. Limitations<\/span><\/strong><\/h4><p><span style=\"color: #444444;\">In no event shall Docspider Software or its suppliers be liable for any damages (including, without limitation, damages for loss of data or profit, or due to business interruption) arising out of the use or inability to use the materials on Docspider Software, even if Docspider Software or an authorized representative of Docspider Software has been notified orally or in writing of the possibility of such damage. Because some jurisdictions do not allow limitations on implied warranties, or limitations of liability for consequential or incidental damages, these limitations may not apply to you.<\/span><\/p><h4><strong><span style=\"color: #0a2b48;\">5. Accuracy of materials<\/span><\/strong><\/h4><p><span style=\"color: #444444;\">The materials displayed on the Docspider Software website may include technical, typographical, or photographic errors. Docspider Software does not guarantee that any material on its website is accurate, complete, or current. Docspider Software may make changes to the materials contained on its website at any time without prior notice. However, Docspider Software does not undertake to update the materials.<\/span><\/p><h4><span style=\"color: #0a2b48;\"><strong>6. Links<\/strong><\/span><\/h4><p><span style=\"color: #444444;\">Docspider Software has not reviewed all of the sites linked to its website and is not responsible for the contents of any linked site. The inclusion of any link does not imply endorsement of the website by Docspider Software. The use of any linked website is at the user's own risk.<\/span><\/p><h4><strong><span style=\"color: #0a2b48;\">Changes<\/span><\/strong><\/h4><p><span style=\"color: #444444;\">Docspider Software may revise these website terms of service at any time without prior notice. By using this site, you agree to be bound by the current version of these terms of service.<\/span><\/p><h4><strong><span style=\"color: #0a2b48;\">Governing law<\/span><\/strong><\/h4><p><span style=\"color: #444444;\">These terms and conditions are governed by and interpreted in accordance with the laws of Docspider Software, and you irrevocably submit to the exclusive jurisdiction of the courts in that state or locality.<\/span><\/p>\t\t\t\t\t\t\t\t<\/div>\n\t\t\t\t\t<\/div>\n\t\t\t\t<\/div>\n\t\t\t\t<\/div>","protected":false},"excerpt":{"rendered":"<p>1. Termos Ao acessar ao site Docspider Software, concorda em cumprir estes termos de servi\u00e7o, todas as leis e regulamentos aplic\u00e1veis \u200b\u200be concorda que \u00e9 respons\u00e1vel pelo cumprimento de todas as leis locais aplic\u00e1veis. Se voc\u00ea n\u00e3o concordar com algum desses termos, est\u00e1 proibido de usar ou acessar este site. Os materiais contidos neste site [&hellip;]<\/p>\n","protected":false},"author":1,"featured_media":0,"parent":0,"menu_order":15,"comment_status":"closed","ping_status":"closed","template":"","meta":{"_seopress_robots_primary_cat":"","_seopress_titles_title":"","_seopress_titles_desc":"","_seopress_robots_index":"","footnotes":""},"class_list":["post-63","page","type-page","status-publish","hentry"],"_links":{"self":[{"href":"https:\/\/docspider.com.br\/en\/wp-json\/wp\/v2\/pages\/63","targetHints":{"allow":["GET"]}}],"collection":[{"href":"https:\/\/docspider.com.br\/en\/wp-json\/wp\/v2\/pages"}],"about":[{"href":"https:\/\/docspider.com.br\/en\/wp-json\/wp\/v2\/types\/page"}],"author":[{"embeddable":true,"href":"https:\/\/docspider.com.br\/en\/wp-json\/wp\/v2\/users\/1"}],"replies":[{"embeddable":true,"href":"https:\/\/docspider.com.br\/en\/wp-json\/wp\/v2\/comments?post=63"}],"version-history":[{"count":4,"href":"https:\/\/docspider.com.br\/en\/wp-json\/wp\/v2\/pages\/63\/revisions"}],"predecessor-version":[{"id":397,"href":"https:\/\/docspider.com.br\/en\/wp-json\/wp\/v2\/pages\/63\/revisions\/397"}],"wp:attachment":[{"href":"https:\/\/docspider.com.br\/en\/wp-json\/wp\/v2\/media?parent=63"}],"curies":[{"name":"wp","href":"https:\/\/api.w.org\/{rel}","templated":true}]}}